{"id":6981,"date":"2016-02-23T10:49:12","date_gmt":"2016-02-23T10:49:12","guid":{"rendered":"http:\/\/democontent.codex-themes.com\/thegem-shop-landing\/?page_id=6981"},"modified":"2021-10-22T13:26:29","modified_gmt":"2021-10-22T10:26:29","slug":"kurumsal","status":"publish","type":"page","link":"https:\/\/aktaskonfeksiyon.com\/it\/corporate\/","title":{"rendered":"ISTITUZIONALE"},"content":{"rendered":"<p>[vc_row full_width=&#8221;stretch_row_content_no_spaces&#8221; equal_height=&#8221;yes&#8221; css=&#8221;.vc_custom_1456226492361{margin-bottom: 0px !important;}&#8221;][vc_column css=&#8221;.vc_custom_1634898324624{padding-top: 250px !important;padding-bottom: 250px !important;background-image: url(https:\/\/aktaskonfeksiyon.com\/wp-content\/uploads\/2021\/10\/1.jpg?id=26183) !important;background-position: center !important;background-repeat: no-repeat !important;background-size: cover !important;}&#8221; offset=&#8221;vc_col-lg-6 vc_col-md-6&#8243;][\/vc_column][vc_column offset=&#8221;vc_col-lg-6 vc_col-md-6&#8243;]<div class=\"clearboth\"><\/div><div class=\"gem-divider \" style=\"margin-top: 107px;\"><\/div>[vc_column_text]<\/p>\n<div class=\"title-h2\" style=\"text-align: left;\">CHI SIAMO<\/div>\n<p>[\/vc_column_text]<div class=\"clearboth\"><\/div><div class=\"gem-divider \" style=\"margin-top: 30px;\"><\/div>[vc_column_text el_class=&#8221;ptext&#8221;]<\/p>\n<p class=\"p1\"><span class=\"s1\">Aktas \u00e8 stata fondata nel 1970 come un laboratorio per eseguire un ottimo lavoro. La nostra capacita di produrre<span class=\"Apple-converted-space\">\u00a0 <\/span>abbigliamento di qualit\u00e0, la nostra qualit\u00e0 artigianale, la cura dei dettagli, la consegna puntuale e, soprattutto, la capacita di poter capire le richieste dei nostri clienti come risultato della nostra esperienza di 50 anni ha svolto un ruolo importante nello sviluppo del nostro business<span class=\"Apple-converted-space\">\u00a0 <\/span>e ci ha reso il produttore<span class=\"Apple-converted-space\">\u00a0 <\/span>di abbigliamento pi\u00f9 rispettabile della Turchia.<\/span><\/p>\n<p class=\"p1\"><span class=\"s1\">La nostra prima fabbrica \u00e8 stata fondata a Istanbul, mentre il processo di industrializzazione \u00e8 stato accelerato negli anni &#8217;80. La forza lavoro di alta qualit\u00e0 di Akta\u015f ha avuto successo nell&#8217;attrarre nuovi clienti ai mercati nazionali e stranieri.<\/span><\/p>\n<p class=\"p1\"><span class=\"s1\">La nostra fabbrica si \u00e8 trasferita nel nostro nuovo impianto costituito da una zona chiusa di 10.000 m2 nel distretto \u00dcmraniye di Istanbul nel 2002 per soddisfare la crescente domanda per i nostri prodotti e servizi. Tutte le operazioni dal taglio alle finiture sono state integrate in questo stabilimento dove abbiamo raggiunto la massima qualit\u00e0 con le macchine e le tecnologie rinnovate.<\/span><\/p>\n<p class=\"p1\"><span class=\"s1\">Con quasi 300 dipendenti, siamo in grado di soddisfare le aspettative dei nostri clienti, stabilendo partnership permanenti e forti seguendo le ultime tendenze della moda e rinnovandoci continuamente seguendo le ultime tecnologie.<\/span><\/p>\n<p>[\/vc_column_text]<div class=\"clearboth\"><\/div><div class=\"gem-divider \" style=\"margin-top: 30px;\"><\/div><div class=\"clearboth\"><\/div><div class=\"gem-divider \" style=\"margin-top: 103px;\"><\/div>[\/vc_column][\/vc_row][vc_row full_width=&#8221;stretch_row_content_no_spaces&#8221; equal_height=&#8221;yes&#8221; css=&#8221;.vc_custom_1456226551654{margin-bottom: 0px !important;}&#8221;][vc_column offset=&#8221;vc_col-lg-6 vc_col-md-6&#8243;]<div class=\"clearboth\"><\/div><div class=\"gem-divider \" style=\"margin-top: 95px;\"><\/div><div class=\"clearboth\"><\/div><div class=\"gem-divider \" style=\"margin-top: 50px;\"><\/div>[vc_column_text]<\/p>\n<div class=\"title-h2\" style=\"text-align: left;\">MISSIONE<\/div>\n<p>[\/vc_column_text]<div class=\"clearboth\"><\/div><div class=\"gem-divider \" style=\"margin-top: 37px;\"><\/div>[vc_column_text el_class=&#8221;ptext&#8221;]<\/p>\n<p style=\"text-align: left;\">La nostra prima fabbrica \u00e8 stata fondata a Istanbul, mentre il processo di industrializzazione \u00e8 stato accelerato negli anni &#8217;80. La forza lavoro di alta qualit\u00e0 di Akta\u015f ha avuto successo nell&#8217;attrarre nuovi clienti ai mercati nazionali e stranieri.<\/p>\n<p>[\/vc_column_text]<div class=\"clearboth\"><\/div><div class=\"gem-divider \" style=\"margin-top: 50px;\"><\/div><div class=\"clearboth\"><\/div><div class=\"gem-divider \" style=\"margin-top: 95px;\"><\/div>[\/vc_column][vc_column css=&#8221;.vc_custom_1508756852526{padding-top: 250px !important;padding-bottom: 250px !important;background-image: url(http:\/\/aktaskonfeksiyon.com\/wp-content\/uploads\/2016\/02\/showroom03.jpg?id=24927) !important;background-position: center !important;background-repeat: no-repeat !important;background-size: cover !important;}&#8221; offset=&#8221;vc_col-lg-6 vc_col-md-6&#8243;][\/vc_column][\/vc_row][vc_row full_width=&#8221;stretch_row_content_no_spaces&#8221; equal_height=&#8221;yes&#8221; css=&#8221;.vc_custom_1456226551654{margin-bottom: 0px !important;}&#8221;][vc_column css=&#8221;.vc_custom_1508755811192{padding-top: 250px !important;padding-bottom: 250px !important;background-image: url(http:\/\/aktaskonfeksiyon.com\/wp-content\/uploads\/2016\/02\/vision.jpg?id=24923) !important;background-position: center !important;background-repeat: no-repeat !important;background-size: cover !important;}&#8221; offset=&#8221;vc_col-lg-6 vc_col-md-6&#8243;][\/vc_column][vc_column offset=&#8221;vc_col-lg-6 vc_col-md-6&#8243;]<div class=\"clearboth\"><\/div><div class=\"gem-divider \" style=\"margin-top: 95px;\"><\/div><div class=\"clearboth\"><\/div><div class=\"gem-divider \" style=\"margin-top: 50px;\"><\/div>[vc_column_text]<\/p>\n<div class=\"title-h2\" style=\"text-align: left;\">VISIONE<\/div>\n<p>[\/vc_column_text]<div class=\"clearboth\"><\/div><div class=\"gem-divider \" style=\"margin-top: 37px;\"><\/div>[vc_column_text el_class=&#8221;ptext&#8221;]<\/p>\n<p style=\"text-align: left;\">Con quasi 300 dipendenti, siamo in grado di soddisfare le aspettative dei nostri clienti, stabilendo partnership permanenti e forti seguendo le ultime tendenze della moda e rinnovandoci continuamente seguendo le ultime tecnologie.<\/p>\n<p>[\/vc_column_text]<div class=\"clearboth\"><\/div><div class=\"gem-divider \" style=\"margin-top: 50px;\"><\/div><div class=\"clearboth\"><\/div><div class=\"gem-divider \" style=\"margin-top: 95px;\"><\/div>[\/vc_column][\/vc_row]<\/p>","protected":false},"excerpt":{"rendered":"<p>[vc_row full_width=&#8221;stretch_row_content_no_spaces&#8221; equal_height=&#8221;yes&#8221; css=&#8221;.vc_custom_1456226492361{margin-bottom: 0px !important;}&#8221;][vc_column css=&#8221;.vc_custom_1634898324624{padding-top: 250px !important;padding-bottom: 250px !important;background-image: url(https:\/\/aktaskonfeksiyon.com\/wp-content\/uploads\/2021\/10\/1.jpg?id=26183) !important;background-position: center !important;background-repeat: no-repeat !important;background-size: cover !important;}&#8221; offset=&#8221;vc_col-lg-6&#8230;<\/p>\n","protected":false},"author":2,"featured_media":0,"parent":0,"menu_order":0,"comment_status":"closed","ping_status":"closed","template":"","meta":[],"aioseo_notices":[],"_links":{"self":[{"href":"https:\/\/aktaskonfeksiyon.com\/it\/wp-json\/wp\/v2\/pages\/6981"}],"collection":[{"href":"https:\/\/aktaskonfeksiyon.com\/it\/wp-json\/wp\/v2\/pages"}],"about":[{"href":"https:\/\/aktaskonfeksiyon.com\/it\/wp-json\/wp\/v2\/types\/page"}],"author":[{"embeddable":true,"href":"https:\/\/aktaskonfeksiyon.com\/it\/wp-json\/wp\/v2\/users\/2"}],"replies":[{"embeddable":true,"href":"https:\/\/aktaskonfeksiyon.com\/it\/wp-json\/wp\/v2\/comments?post=6981"}],"version-history":[{"count":32,"href":"https:\/\/aktaskonfeksiyon.com\/it\/wp-json\/wp\/v2\/pages\/6981\/revisions"}],"predecessor-version":[{"id":26192,"href":"https:\/\/aktaskonfeksiyon.com\/it\/wp-json\/wp\/v2\/pages\/6981\/revisions\/26192"}],"wp:attachment":[{"href":"https:\/\/aktaskonfeksiyon.com\/it\/wp-json\/wp\/v2\/media?parent=6981"}],"curies":[{"name":"wp","href":"https:\/\/api.w.org\/{rel}","templated":true}]}}