{"id":6981,"date":"2016-02-23T10:49:12","date_gmt":"2016-02-23T10:49:12","guid":{"rendered":"http:\/\/democontent.codex-themes.com\/thegem-shop-landing\/?page_id=6981"},"modified":"2021-10-22T13:26:29","modified_gmt":"2021-10-22T10:26:29","slug":"kurumsal","status":"publish","type":"page","link":"https:\/\/aktaskonfeksiyon.com\/fr\/corporate\/","title":{"rendered":"INSTITUTIONNEL"},"content":{"rendered":"<p>[vc_row full_width=\u00a0\u00bbstretch_row_content_no_spaces\u00a0\u00bb equal_height=\u00a0\u00bbyes\u00a0\u00bb css=\u00a0\u00bb.vc_custom_1456226492361{margin-bottom: 0px !important;}\u00a0\u00bb][vc_column css=\u00a0\u00bb.vc_custom_1634898303752{padding-top: 250px !important;padding-bottom: 250px !important;background-image: url(https:\/\/aktaskonfeksiyon.com\/wp-content\/uploads\/2021\/10\/1.jpg?id=26183) !important;background-position: center !important;background-repeat: no-repeat !important;background-size: cover !important;}\u00a0\u00bb offset=\u00a0\u00bbvc_col-lg-6 vc_col-md-6&Prime;][\/vc_column][vc_column offset=\u00a0\u00bbvc_col-lg-6 vc_col-md-6&Prime;]<div class=\"clearboth\"><\/div><div class=\"gem-divider \" style=\"margin-top: 107px;\"><\/div>[vc_column_text]<\/p>\n<div class=\"title-h2\" style=\"text-align: left;\">A NOTRE PROPOS<\/div>\n<p>[\/vc_column_text]<div class=\"clearboth\"><\/div><div class=\"gem-divider \" style=\"margin-top: 30px;\"><\/div>[vc_column_text el_class=\u00a0\u00bbptext\u00a0\u00bb]<\/p>\n<p class=\"p1\"><span class=\"s1\">Akta\u015f a \u00e9t\u00e9 cr\u00e9\u00e9 en 1970 comme un atelier de fabrication de fine main d&rsquo;\u0153uvre. Avec notre exp\u00e9rience de 50 ann\u00e9es dans le secteur, les v<\/span><span class=\"s2\">\u00ea<\/span><span class=\"s1\">tements de haute qualit\u00e9, la main d&rsquo;\u0153uvre de qualit\u00e9, le soin montr\u00e9 pour les d\u00e9tails, les livraisons dans les d\u00e9lais et le plus important notre h\u00e9ritage qui consiste en notre capacit\u00e9 \u00e0 comprendre les attentes de nos clients, ont jou\u00e9 un grand r\u00f4le dans la croissance de de nos affaires et nous a permis de devenir le fabricant de v\u00eatements d&rsquo;ext\u00e9rieur le plus respectable de la Turquie.\u00a0<\/span><\/p>\n<p class=\"p1\"><span class=\"s1\">Notre premi<\/span><span class=\"s2\">\u00e8<\/span><span class=\"s1\">re usine a \u00e9t\u00e9 ouverte <\/span><span class=\"s2\">\u00e0<\/span><span class=\"s1\"> \u0130stanbul dans les ann\u00e9es 80 <\/span><span class=\"s2\">\u00e0<\/span><span class=\"s1\"> forte industrialisation. La main d&rsquo;\u0153uvre de haute qualit\u00e9 d&rsquo;Akta\u015f, a r\u00e9ussi <\/span><span class=\"s2\">\u00e0<\/span><span class=\"s1\"> attirer de nouveaux clients sur les march\u00e9s internes aussi bien qu&rsquo;\u00e9trangers.<\/span><\/p>\n<p class=\"p1\"><span class=\"s1\">Pour r\u00e9pondre <\/span><span class=\"s2\">\u00e0<\/span><span class=\"s1\"> une demande croissante, notre usine s&rsquo;est d\u00e9m\u00e9nag\u00e9e en 2002 dans ses nouvelles installations d&rsquo;une superficie couverte de 10.000 m\u00b2 dans l&rsquo;arrondissement d&rsquo;\u00dcmraniye <\/span><span class=\"s2\">\u00e0<\/span><span class=\"s1\"> \u0130stanbul. Ici toutes les op\u00e9rations sont faites int\u00e9gr\u00e9es du d\u00e9coupage jusqu&rsquo;<\/span><span class=\"s2\">\u00e0<\/span><span class=\"s1\"> la finition et on a atteint la plus haute qualit\u00e9 avec les machines et les technologies renouvel\u00e9es. <\/span><\/p>\n<p class=\"p1\"><span class=\"s1\">Avec nos effectifs de pr\u00e8s de 300, nous r\u00e9pondons aux attentes de nos clients, nous cr\u00e9ons des partenariats durables et irrenon\u00e7ables en suivant les derni\u00e8res tendances de la mode et nous nous renouvellons constamment en suivant la derni\u00e8re technologie.<\/span><\/p>\n<p>[\/vc_column_text]<div class=\"clearboth\"><\/div><div class=\"gem-divider \" style=\"margin-top: 30px;\"><\/div><div class=\"clearboth\"><\/div><div class=\"gem-divider \" style=\"margin-top: 103px;\"><\/div>[\/vc_column][\/vc_row][vc_row full_width=\u00a0\u00bbstretch_row_content_no_spaces\u00a0\u00bb equal_height=\u00a0\u00bbyes\u00a0\u00bb css=\u00a0\u00bb.vc_custom_1456226551654{margin-bottom: 0px !important;}\u00a0\u00bb][vc_column offset=\u00a0\u00bbvc_col-lg-6 vc_col-md-6&Prime;]<div class=\"clearboth\"><\/div><div class=\"gem-divider \" style=\"margin-top: 95px;\"><\/div><div class=\"clearboth\"><\/div><div class=\"gem-divider \" style=\"margin-top: 50px;\"><\/div>[vc_column_text]<\/p>\n<div class=\"title-h2\" style=\"text-align: left;\">MISSION<\/div>\n<p>[\/vc_column_text]<div class=\"clearboth\"><\/div><div class=\"gem-divider \" style=\"margin-top: 37px;\"><\/div>[vc_column_text el_class=\u00a0\u00bbptext\u00a0\u00bb]<\/p>\n<p style=\"text-align: left;\">Notre premi\u00e8re usine a \u00e9t\u00e9 ouverte \u00e0 \u0130stanbul dans les ann\u00e9es 80 \u00e0 forte industrialisation. La main d&rsquo;\u0153uvre de haute qualit\u00e9 d&rsquo;Akta\u015f, a r\u00e9ussi \u00e0 attirer de nouveaux clients sur les march\u00e9s internes aussi bien qu&rsquo;\u00e9trangers.<\/p>\n<p>[\/vc_column_text]<div class=\"clearboth\"><\/div><div class=\"gem-divider \" style=\"margin-top: 50px;\"><\/div><div class=\"clearboth\"><\/div><div class=\"gem-divider \" style=\"margin-top: 95px;\"><\/div>[\/vc_column][vc_column css=\u00a0\u00bb.vc_custom_1508756852526{padding-top: 250px !important;padding-bottom: 250px !important;background-image: url(http:\/\/aktaskonfeksiyon.com\/wp-content\/uploads\/2016\/02\/showroom03.jpg?id=24927) !important;background-position: center !important;background-repeat: no-repeat !important;background-size: cover !important;}\u00a0\u00bb offset=\u00a0\u00bbvc_col-lg-6 vc_col-md-6&Prime;][\/vc_column][\/vc_row][vc_row full_width=\u00a0\u00bbstretch_row_content_no_spaces\u00a0\u00bb equal_height=\u00a0\u00bbyes\u00a0\u00bb css=\u00a0\u00bb.vc_custom_1456226551654{margin-bottom: 0px !important;}\u00a0\u00bb][vc_column css=\u00a0\u00bb.vc_custom_1508755811192{padding-top: 250px !important;padding-bottom: 250px !important;background-image: url(http:\/\/aktaskonfeksiyon.com\/wp-content\/uploads\/2016\/02\/vision.jpg?id=24923) !important;background-position: center !important;background-repeat: no-repeat !important;background-size: cover !important;}\u00a0\u00bb offset=\u00a0\u00bbvc_col-lg-6 vc_col-md-6&Prime;][\/vc_column][vc_column offset=\u00a0\u00bbvc_col-lg-6 vc_col-md-6&Prime;]<div class=\"clearboth\"><\/div><div class=\"gem-divider \" style=\"margin-top: 95px;\"><\/div><div class=\"clearboth\"><\/div><div class=\"gem-divider \" style=\"margin-top: 50px;\"><\/div>[vc_column_text]<\/p>\n<div class=\"title-h2\" style=\"text-align: left;\">VISION<\/div>\n<p>[\/vc_column_text]<div class=\"clearboth\"><\/div><div class=\"gem-divider \" style=\"margin-top: 37px;\"><\/div>[vc_column_text el_class=\u00a0\u00bbptext\u00a0\u00bb]<\/p>\n<p style=\"text-align: left;\">Avec nos effectifs de pr\u00e8s de 300, nous r\u00e9pondons aux attentes de nos clients, nous cr\u00e9ons des partenariats durables et irrenon\u00e7ables en suivant les derni\u00e8res tendances de la mode et nous nous renouvellons constamment en suivant la derni\u00e8re technologie.<\/p>\n<p>[\/vc_column_text]<div class=\"clearboth\"><\/div><div class=\"gem-divider \" style=\"margin-top: 50px;\"><\/div><div class=\"clearboth\"><\/div><div class=\"gem-divider \" style=\"margin-top: 95px;\"><\/div>[\/vc_column][\/vc_row]<\/p>","protected":false},"excerpt":{"rendered":"<p>[vc_row full_width=\u00a0\u00bbstretch_row_content_no_spaces\u00a0\u00bb equal_height=\u00a0\u00bbyes\u00a0\u00bb css=\u00a0\u00bb.vc_custom_1456226492361{margin-bottom: 0px !important;}\u00a0\u00bb][vc_column css=\u00a0\u00bb.vc_custom_1634898303752{padding-top: 250px !important;padding-bottom: 250px !important;background-image: url(https:\/\/aktaskonfeksiyon.com\/wp-content\/uploads\/2021\/10\/1.jpg?id=26183) !important;background-position: center !important;background-repeat: no-repeat !important;background-size: cover !important;}\u00a0\u00bb offset=\u00a0\u00bbvc_col-lg-6&#8230;<\/p>\n","protected":false},"author":2,"featured_media":0,"parent":0,"menu_order":0,"comment_status":"closed","ping_status":"closed","template":"","meta":[],"aioseo_notices":[],"_links":{"self":[{"href":"https:\/\/aktaskonfeksiyon.com\/fr\/wp-json\/wp\/v2\/pages\/6981"}],"collection":[{"href":"https:\/\/aktaskonfeksiyon.com\/fr\/wp-json\/wp\/v2\/pages"}],"about":[{"href":"https:\/\/aktaskonfeksiyon.com\/fr\/wp-json\/wp\/v2\/types\/page"}],"author":[{"embeddable":true,"href":"https:\/\/aktaskonfeksiyon.com\/fr\/wp-json\/wp\/v2\/users\/2"}],"replies":[{"embeddable":true,"href":"https:\/\/aktaskonfeksiyon.com\/fr\/wp-json\/wp\/v2\/comments?post=6981"}],"version-history":[{"count":32,"href":"https:\/\/aktaskonfeksiyon.com\/fr\/wp-json\/wp\/v2\/pages\/6981\/revisions"}],"predecessor-version":[{"id":26192,"href":"https:\/\/aktaskonfeksiyon.com\/fr\/wp-json\/wp\/v2\/pages\/6981\/revisions\/26192"}],"wp:attachment":[{"href":"https:\/\/aktaskonfeksiyon.com\/fr\/wp-json\/wp\/v2\/media?parent=6981"}],"curies":[{"name":"wp","href":"https:\/\/api.w.org\/{rel}","templated":true}]}}