{"id":25563,"date":"2017-11-01T09:41:37","date_gmt":"2017-11-01T09:41:37","guid":{"rendered":"http:\/\/aktaskonfeksiyon.com\/?page_id=25563"},"modified":"2017-11-01T09:52:23","modified_gmt":"2017-11-01T09:52:23","slug":"404-2","status":"publish","type":"page","link":"https:\/\/aktaskonfeksiyon.com\/fr\/404\/","title":{"rendered":"404"},"content":{"rendered":"<p>[vc_row][vc_column][vc_column_text]<\/p>\n<h3 style=\"text-align: center;\">La page que vous avez recherch\u00e9e n&rsquo;a pas \u00e9t\u00e9 trouv\u00e9e.<\/h3>\n<p>[\/vc_column_text]<div class=\"gem-search-form gem-search-form-style-dark gem-search-form-alignment-center\"><form role=\"search\" method=\"get\" class=\"search-form\" action=\"https:\/\/aktaskonfeksiyon.com\/fr\/\"><input class=\"search-field\" type=\"search\" name=\"s\" placeholder=\"Chercher\" \/><button class=\"search-submit\" type=\"submit\"><\/button><\/form><\/div>[\/vc_column][\/vc_row]<\/p>","protected":false},"excerpt":{"rendered":"<p>[vc_row][vc_column][vc_column_text] La page que vous avez recherch\u00e9e n&rsquo;a pas \u00e9t\u00e9 trouv\u00e9e. [\/vc_column_text][\/vc_column][\/vc_row]<\/p>\n","protected":false},"author":2,"featured_media":0,"parent":0,"menu_order":0,"comment_status":"closed","ping_status":"closed","template":"","meta":[],"aioseo_notices":[],"_links":{"self":[{"href":"https:\/\/aktaskonfeksiyon.com\/fr\/wp-json\/wp\/v2\/pages\/25563"}],"collection":[{"href":"https:\/\/aktaskonfeksiyon.com\/fr\/wp-json\/wp\/v2\/pages"}],"about":[{"href":"https:\/\/aktaskonfeksiyon.com\/fr\/wp-json\/wp\/v2\/types\/page"}],"author":[{"embeddable":true,"href":"https:\/\/aktaskonfeksiyon.com\/fr\/wp-json\/wp\/v2\/users\/2"}],"replies":[{"embeddable":true,"href":"https:\/\/aktaskonfeksiyon.com\/fr\/wp-json\/wp\/v2\/comments?post=25563"}],"version-history":[{"count":8,"href":"https:\/\/aktaskonfeksiyon.com\/fr\/wp-json\/wp\/v2\/pages\/25563\/revisions"}],"predecessor-version":[{"id":25576,"href":"https:\/\/aktaskonfeksiyon.com\/fr\/wp-json\/wp\/v2\/pages\/25563\/revisions\/25576"}],"wp:attachment":[{"href":"https:\/\/aktaskonfeksiyon.com\/fr\/wp-json\/wp\/v2\/media?parent=25563"}],"curies":[{"name":"wp","href":"https:\/\/api.w.org\/{rel}","templated":true}]}}