{"id":25000,"date":"2017-10-23T16:25:06","date_gmt":"2017-10-23T16:25:06","guid":{"rendered":"http:\/\/aktaskonfeksiyon.com\/?page_id=25000"},"modified":"2017-11-14T07:33:04","modified_gmt":"2017-11-14T07:33:04","slug":"kesim","status":"publish","type":"page","link":"https:\/\/aktaskonfeksiyon.com\/fr\/cutting\/","title":{"rendered":"ATELIER DE DECOUPE DE TISSUS"},"content":{"rendered":"<p>[vc_row][vc_column][vc_column_text]<\/p>\n<p class=\"p1\"><span class=\"s1\">Nous utilisons des machines automatiques de r\u00e9pandage et de d\u00e9coupage pour des r\u00e9sultats efficaces et pr\u00e9cis. <\/span><\/p>\n<p class=\"p1\"><span class=\"s1\">Les parties sp\u00e9ciales des v<\/span><span class=\"s2\">\u00ea<\/span><span class=\"s1\">tements sont toujours trait\u00e9es avec soin par nos sp\u00e9cialistes.<\/span><\/p>\n<p>[\/vc_column_text][vc_row_inner][vc_column_inner]<div class=\"preloader\"><div class=\"preloader-spin\"><\/div><\/div> <div class=\"gallery-preloader-wrapper\"> <div class=\"row\" style=\"margin-top: -21px\"> <div class=\"gaps-margin gallery-style-justified gem-gallery-grid col-lg-12 col-md-12 col-sm-12 columns-2 hover-default item-animation-move-up \" data-hover=\"default\"> <ul style=\"margin-left: -21px; margin-right: -21px;\" class=\"gallery-set clearfix\" data-max-row-height=\"380\"> <li style=\"padding: 21px\" class=\"gallery-item col-lg-6 col-md-6 col-sm-6 col-xs-12 item-animations-not-inited post-25000 page type-page status-publish hentry\"> <div class=\"wrap gem-wrapbox-style-1\"> <div class=\"overlay-wrap\"> <div class=\"image-wrap \"> <picture> <source srcset=\"https:\/\/aktaskonfeksiyon.com\/wp-content\/uploads\/2017\/10\/BYZT7254-thegem-gallery-justified-2x-500.jpg 1x, https:\/\/aktaskonfeksiyon.com\/wp-content\/uploads\/2017\/10\/BYZT7254-thegem-gallery-justified.jpg 2x\" media=\"(max-width: 550px)\" sizes=\"100vw\"> <source srcset=\"https:\/\/aktaskonfeksiyon.com\/wp-content\/uploads\/2017\/10\/BYZT7254-thegem-gallery-justified-2x.jpg 1x, https:\/\/aktaskonfeksiyon.com\/wp-content\/uploads\/2017\/10\/BYZT7254-thegem-gallery-justified.jpg 2x\" media=\"(max-width: 1920px)\" sizes=\"100vw\"> <img src=\"https:\/\/aktaskonfeksiyon.com\/wp-content\/uploads\/2017\/10\/BYZT7254-thegem-gallery-justified.jpg\" width=\"660\" height=\"600\" class=\"attachment-thegem-gallery-justified\" alt=\"BYZT7254\" \/> <\/picture> <\/div> <div class=\"overlay \"> <div class=\"overlay-circle\"><\/div> <a href=\"https:\/\/aktaskonfeksiyon.com\/wp-content\/uploads\/2017\/10\/BYZT7254.jpg\" class=\"gallery-item-link fancy-gallery\" data-fancybox=\"gallery-69e75dc0b9d2c\"> <span class=\"slide-info\"> <\/span> <\/a> <div class=\"overlay-content\"> <div class=\"overlay-content-center\"> <div class=\"overlay-content-inner\"> <a href=\"https:\/\/aktaskonfeksiyon.com\/wp-content\/uploads\/2017\/10\/BYZT7254.jpg\" class=\"icon photo \" > <\/a> <div class=\"overlay-line\"><\/div> <\/div> <\/div> <\/div> <\/div> <\/div> <\/div> <\/li> <li style=\"padding: 21px\" class=\"gallery-item col-lg-6 col-md-6 col-sm-6 col-xs-12 item-animations-not-inited post-25000 page type-page status-publish hentry\"> <div class=\"wrap gem-wrapbox-style-1\"> <div class=\"overlay-wrap\"> <div class=\"image-wrap \"> <picture> <source srcset=\"https:\/\/aktaskonfeksiyon.com\/wp-content\/uploads\/2017\/10\/BYZT7248-thegem-gallery-justified-2x-500.jpg 1x, https:\/\/aktaskonfeksiyon.com\/wp-content\/uploads\/2017\/10\/BYZT7248-thegem-gallery-justified.jpg 2x\" media=\"(max-width: 550px)\" sizes=\"100vw\"> <source srcset=\"https:\/\/aktaskonfeksiyon.com\/wp-content\/uploads\/2017\/10\/BYZT7248-thegem-gallery-justified-2x.jpg 1x, https:\/\/aktaskonfeksiyon.com\/wp-content\/uploads\/2017\/10\/BYZT7248-thegem-gallery-justified.jpg 2x\" media=\"(max-width: 1920px)\" sizes=\"100vw\"> <img src=\"https:\/\/aktaskonfeksiyon.com\/wp-content\/uploads\/2017\/10\/BYZT7248-thegem-gallery-justified.jpg\" width=\"660\" height=\"600\" class=\"attachment-thegem-gallery-justified\" alt=\"BYZT7248\" \/> <\/picture> <\/div> <div class=\"overlay \"> <div class=\"overlay-circle\"><\/div> <a href=\"https:\/\/aktaskonfeksiyon.com\/wp-content\/uploads\/2017\/10\/BYZT7248.jpg\" class=\"gallery-item-link fancy-gallery\" data-fancybox=\"gallery-69e75dc0b9d2c\"> <span class=\"slide-info\"> <\/span> <\/a> <div class=\"overlay-content\"> <div class=\"overlay-content-center\"> <div class=\"overlay-content-inner\"> <a href=\"https:\/\/aktaskonfeksiyon.com\/wp-content\/uploads\/2017\/10\/BYZT7248.jpg\" class=\"icon photo \" > <\/a> <div class=\"overlay-line\"><\/div> <\/div> <\/div> <\/div> <\/div> <\/div> <\/div> <\/li> <li style=\"padding: 21px\" class=\"gallery-item col-lg-6 col-md-6 col-sm-6 col-xs-12 item-animations-not-inited post-25000 page type-page status-publish hentry\"> <div class=\"wrap gem-wrapbox-style-1\"> <div class=\"overlay-wrap\"> <div class=\"image-wrap \"> <picture> <source srcset=\"https:\/\/aktaskonfeksiyon.com\/wp-content\/uploads\/2023\/04\/aktas-konfeksiyon-konfeksiyon-00001-min-scaled-thegem-gallery-justified-2x-500.jpg 1x, https:\/\/aktaskonfeksiyon.com\/wp-content\/uploads\/2023\/04\/aktas-konfeksiyon-konfeksiyon-00001-min-scaled-thegem-gallery-justified.jpg 2x\" media=\"(max-width: 550px)\" sizes=\"100vw\"> <source srcset=\"https:\/\/aktaskonfeksiyon.com\/wp-content\/uploads\/2023\/04\/aktas-konfeksiyon-konfeksiyon-00001-min-scaled-thegem-gallery-justified-2x.jpg 1x, https:\/\/aktaskonfeksiyon.com\/wp-content\/uploads\/2023\/04\/aktas-konfeksiyon-konfeksiyon-00001-min-scaled-thegem-gallery-justified.jpg 2x\" media=\"(max-width: 1920px)\" sizes=\"100vw\"> <img src=\"https:\/\/aktaskonfeksiyon.com\/wp-content\/uploads\/2023\/04\/aktas-konfeksiyon-konfeksiyon-00001-min-scaled-thegem-gallery-justified.jpg\" width=\"660\" height=\"600\" class=\"attachment-thegem-gallery-justified\" alt=\"aktas-konfeksiyon-konfeksiyon- 00001-min\" \/> <\/picture> <\/div> <div class=\"overlay \"> <div class=\"overlay-circle\"><\/div> <a href=\"https:\/\/aktaskonfeksiyon.com\/wp-content\/uploads\/2023\/04\/aktas-konfeksiyon-konfeksiyon-00001-min-scaled.jpg\" class=\"gallery-item-link fancy-gallery\" data-fancybox=\"gallery-69e75dc0b9d2c\"> <span class=\"slide-info\"> <\/span> <\/a> <div class=\"overlay-content\"> <div class=\"overlay-content-center\"> <div class=\"overlay-content-inner\"> <a href=\"https:\/\/aktaskonfeksiyon.com\/wp-content\/uploads\/2023\/04\/aktas-konfeksiyon-konfeksiyon-00001-min-scaled.jpg\" class=\"icon photo \" > <\/a> <div class=\"overlay-line\"><\/div> <\/div> <\/div> <\/div> <\/div> <\/div> <\/div> <\/li> <li style=\"padding: 21px\" class=\"gallery-item col-lg-6 col-md-6 col-sm-6 col-xs-12 item-animations-not-inited post-25000 page type-page status-publish hentry\"> <div class=\"wrap gem-wrapbox-style-1\"> <div class=\"overlay-wrap\"> <div class=\"image-wrap \"> <picture> <source srcset=\"https:\/\/aktaskonfeksiyon.com\/wp-content\/uploads\/2023\/04\/aktas-konfeksiyon-konfeksiyon-00002-min-scaled-thegem-gallery-justified-2x-500.jpg 1x, https:\/\/aktaskonfeksiyon.com\/wp-content\/uploads\/2023\/04\/aktas-konfeksiyon-konfeksiyon-00002-min-scaled-thegem-gallery-justified.jpg 2x\" media=\"(max-width: 550px)\" sizes=\"100vw\"> <source srcset=\"https:\/\/aktaskonfeksiyon.com\/wp-content\/uploads\/2023\/04\/aktas-konfeksiyon-konfeksiyon-00002-min-scaled-thegem-gallery-justified-2x.jpg 1x, https:\/\/aktaskonfeksiyon.com\/wp-content\/uploads\/2023\/04\/aktas-konfeksiyon-konfeksiyon-00002-min-scaled-thegem-gallery-justified.jpg 2x\" media=\"(max-width: 1920px)\" sizes=\"100vw\"> <img src=\"https:\/\/aktaskonfeksiyon.com\/wp-content\/uploads\/2023\/04\/aktas-konfeksiyon-konfeksiyon-00002-min-scaled-thegem-gallery-justified.jpg\" width=\"660\" height=\"600\" class=\"attachment-thegem-gallery-justified\" alt=\"aktas-konfeksiyon-konfeksiyon- 00002-min\" \/> <\/picture> <\/div> <div class=\"overlay \"> <div class=\"overlay-circle\"><\/div> <a href=\"https:\/\/aktaskonfeksiyon.com\/wp-content\/uploads\/2023\/04\/aktas-konfeksiyon-konfeksiyon-00002-min-scaled.jpg\" class=\"gallery-item-link fancy-gallery\" data-fancybox=\"gallery-69e75dc0b9d2c\"> <span class=\"slide-info\"> <\/span> <\/a> <div class=\"overlay-content\"> <div class=\"overlay-content-center\"> <div class=\"overlay-content-inner\"> <a href=\"https:\/\/aktaskonfeksiyon.com\/wp-content\/uploads\/2023\/04\/aktas-konfeksiyon-konfeksiyon-00002-min-scaled.jpg\" class=\"icon photo \" > <\/a> <div class=\"overlay-line\"><\/div> <\/div> <\/div> <\/div> <\/div> <\/div> <\/div> <\/li> <li style=\"padding: 21px\" class=\"gallery-item col-lg-6 col-md-6 col-sm-6 col-xs-12 item-animations-not-inited post-25000 page type-page status-publish hentry\"> <div class=\"wrap gem-wrapbox-style-1\"> <div class=\"overlay-wrap\"> <div class=\"image-wrap \"> <picture> <source srcset=\"https:\/\/aktaskonfeksiyon.com\/wp-content\/uploads\/2023\/04\/aktas-konfeksiyon-konfeksiyon-00003-min-scaled-thegem-gallery-justified-2x-500.jpg 1x, https:\/\/aktaskonfeksiyon.com\/wp-content\/uploads\/2023\/04\/aktas-konfeksiyon-konfeksiyon-00003-min-scaled-thegem-gallery-justified.jpg 2x\" media=\"(max-width: 550px)\" sizes=\"100vw\"> <source srcset=\"https:\/\/aktaskonfeksiyon.com\/wp-content\/uploads\/2023\/04\/aktas-konfeksiyon-konfeksiyon-00003-min-scaled-thegem-gallery-justified-2x.jpg 1x, https:\/\/aktaskonfeksiyon.com\/wp-content\/uploads\/2023\/04\/aktas-konfeksiyon-konfeksiyon-00003-min-scaled-thegem-gallery-justified.jpg 2x\" media=\"(max-width: 1920px)\" sizes=\"100vw\"> <img src=\"https:\/\/aktaskonfeksiyon.com\/wp-content\/uploads\/2023\/04\/aktas-konfeksiyon-konfeksiyon-00003-min-scaled-thegem-gallery-justified.jpg\" width=\"660\" height=\"600\" class=\"attachment-thegem-gallery-justified\" alt=\"aktas-konfeksiyon-konfeksiyon- 00003-min\" \/> <\/picture> <\/div> <div class=\"overlay \"> <div class=\"overlay-circle\"><\/div> <a href=\"https:\/\/aktaskonfeksiyon.com\/wp-content\/uploads\/2023\/04\/aktas-konfeksiyon-konfeksiyon-00003-min-scaled.jpg\" class=\"gallery-item-link fancy-gallery\" data-fancybox=\"gallery-69e75dc0b9d2c\"> <span class=\"slide-info\"> <\/span> <\/a> <div class=\"overlay-content\"> <div class=\"overlay-content-center\"> <div class=\"overlay-content-inner\"> <a href=\"https:\/\/aktaskonfeksiyon.com\/wp-content\/uploads\/2023\/04\/aktas-konfeksiyon-konfeksiyon-00003-min-scaled.jpg\" class=\"icon photo \" > <\/a> <div class=\"overlay-line\"><\/div> <\/div> <\/div> <\/div> <\/div> <\/div> <\/div> <\/li> <li style=\"padding: 21px\" class=\"gallery-item col-lg-6 col-md-6 col-sm-6 col-xs-12 item-animations-not-inited post-25000 page type-page status-publish hentry\"> <div class=\"wrap gem-wrapbox-style-1\"> <div class=\"overlay-wrap\"> <div class=\"image-wrap \"> <picture> <source srcset=\"https:\/\/aktaskonfeksiyon.com\/wp-content\/uploads\/2023\/04\/aktas-konfeksiyon-konfeksiyon-00004-min-scaled-thegem-gallery-justified-2x-500.jpg 1x, https:\/\/aktaskonfeksiyon.com\/wp-content\/uploads\/2023\/04\/aktas-konfeksiyon-konfeksiyon-00004-min-scaled-thegem-gallery-justified.jpg 2x\" media=\"(max-width: 550px)\" sizes=\"100vw\"> <source srcset=\"https:\/\/aktaskonfeksiyon.com\/wp-content\/uploads\/2023\/04\/aktas-konfeksiyon-konfeksiyon-00004-min-scaled-thegem-gallery-justified-2x.jpg 1x, https:\/\/aktaskonfeksiyon.com\/wp-content\/uploads\/2023\/04\/aktas-konfeksiyon-konfeksiyon-00004-min-scaled-thegem-gallery-justified.jpg 2x\" media=\"(max-width: 1920px)\" sizes=\"100vw\"> <img src=\"https:\/\/aktaskonfeksiyon.com\/wp-content\/uploads\/2023\/04\/aktas-konfeksiyon-konfeksiyon-00004-min-scaled-thegem-gallery-justified.jpg\" width=\"660\" height=\"600\" class=\"attachment-thegem-gallery-justified\" alt=\"aktas-konfeksiyon-konfeksiyon- 00004-min\" \/> <\/picture> <\/div> <div class=\"overlay \"> <div class=\"overlay-circle\"><\/div> <a href=\"https:\/\/aktaskonfeksiyon.com\/wp-content\/uploads\/2023\/04\/aktas-konfeksiyon-konfeksiyon-00004-min-scaled.jpg\" class=\"gallery-item-link fancy-gallery\" data-fancybox=\"gallery-69e75dc0b9d2c\"> <span class=\"slide-info\"> <\/span> <\/a> <div class=\"overlay-content\"> <div class=\"overlay-content-center\"> <div class=\"overlay-content-inner\"> <a href=\"https:\/\/aktaskonfeksiyon.com\/wp-content\/uploads\/2023\/04\/aktas-konfeksiyon-konfeksiyon-00004-min-scaled.jpg\" class=\"icon photo \" > <\/a> <div class=\"overlay-line\"><\/div> <\/div> <\/div> <\/div> <\/div> <\/div> <\/div> <\/li> <li style=\"padding: 21px\" class=\"gallery-item col-lg-6 col-md-6 col-sm-6 col-xs-12 item-animations-not-inited post-25000 page type-page status-publish hentry\"> <div class=\"wrap gem-wrapbox-style-1\"> <div class=\"overlay-wrap\"> <div class=\"image-wrap \"> <picture> <source srcset=\"https:\/\/aktaskonfeksiyon.com\/wp-content\/uploads\/2023\/04\/aktas-konfeksiyon-konfeksiyon-00005-min-scaled-thegem-gallery-justified-2x-500.jpg 1x, https:\/\/aktaskonfeksiyon.com\/wp-content\/uploads\/2023\/04\/aktas-konfeksiyon-konfeksiyon-00005-min-scaled-thegem-gallery-justified.jpg 2x\" media=\"(max-width: 550px)\" sizes=\"100vw\"> <source srcset=\"https:\/\/aktaskonfeksiyon.com\/wp-content\/uploads\/2023\/04\/aktas-konfeksiyon-konfeksiyon-00005-min-scaled-thegem-gallery-justified-2x.jpg 1x, https:\/\/aktaskonfeksiyon.com\/wp-content\/uploads\/2023\/04\/aktas-konfeksiyon-konfeksiyon-00005-min-scaled-thegem-gallery-justified.jpg 2x\" media=\"(max-width: 1920px)\" sizes=\"100vw\"> <img src=\"https:\/\/aktaskonfeksiyon.com\/wp-content\/uploads\/2023\/04\/aktas-konfeksiyon-konfeksiyon-00005-min-scaled-thegem-gallery-justified.jpg\" width=\"660\" height=\"600\" class=\"attachment-thegem-gallery-justified\" alt=\"aktas-konfeksiyon-konfeksiyon- 00005-min\" \/> <\/picture> <\/div> <div class=\"overlay \"> <div class=\"overlay-circle\"><\/div> <a href=\"https:\/\/aktaskonfeksiyon.com\/wp-content\/uploads\/2023\/04\/aktas-konfeksiyon-konfeksiyon-00005-min-scaled.jpg\" class=\"gallery-item-link fancy-gallery\" data-fancybox=\"gallery-69e75dc0b9d2c\"> <span class=\"slide-info\"> <\/span> <\/a> <div class=\"overlay-content\"> <div class=\"overlay-content-center\"> <div class=\"overlay-content-inner\"> <a href=\"https:\/\/aktaskonfeksiyon.com\/wp-content\/uploads\/2023\/04\/aktas-konfeksiyon-konfeksiyon-00005-min-scaled.jpg\" class=\"icon photo \" > <\/a> <div class=\"overlay-line\"><\/div> <\/div> <\/div> <\/div> <\/div> <\/div> <\/div> <\/li> <li style=\"padding: 21px\" class=\"gallery-item col-lg-6 col-md-6 col-sm-6 col-xs-12 item-animations-not-inited post-25000 page type-page status-publish hentry\"> <div class=\"wrap gem-wrapbox-style-1\"> <div class=\"overlay-wrap\"> <div class=\"image-wrap \"> <picture> <source srcset=\"https:\/\/aktaskonfeksiyon.com\/wp-content\/uploads\/2023\/04\/aktas-konfeksiyon-konfeksiyon-00006-min-scaled-thegem-gallery-justified-2x-500.jpg 1x, https:\/\/aktaskonfeksiyon.com\/wp-content\/uploads\/2023\/04\/aktas-konfeksiyon-konfeksiyon-00006-min-scaled-thegem-gallery-justified.jpg 2x\" media=\"(max-width: 550px)\" sizes=\"100vw\"> <source srcset=\"https:\/\/aktaskonfeksiyon.com\/wp-content\/uploads\/2023\/04\/aktas-konfeksiyon-konfeksiyon-00006-min-scaled-thegem-gallery-justified-2x.jpg 1x, https:\/\/aktaskonfeksiyon.com\/wp-content\/uploads\/2023\/04\/aktas-konfeksiyon-konfeksiyon-00006-min-scaled-thegem-gallery-justified.jpg 2x\" media=\"(max-width: 1920px)\" sizes=\"100vw\"> <img src=\"https:\/\/aktaskonfeksiyon.com\/wp-content\/uploads\/2023\/04\/aktas-konfeksiyon-konfeksiyon-00006-min-scaled-thegem-gallery-justified.jpg\" width=\"660\" height=\"600\" class=\"attachment-thegem-gallery-justified\" alt=\"aktas-konfeksiyon-konfeksiyon- 00006-min\" \/> <\/picture> <\/div> <div class=\"overlay \"> <div class=\"overlay-circle\"><\/div> <a href=\"https:\/\/aktaskonfeksiyon.com\/wp-content\/uploads\/2023\/04\/aktas-konfeksiyon-konfeksiyon-00006-min-scaled.jpg\" class=\"gallery-item-link fancy-gallery\" data-fancybox=\"gallery-69e75dc0b9d2c\"> <span class=\"slide-info\"> <\/span> <\/a> <div class=\"overlay-content\"> <div class=\"overlay-content-center\"> <div class=\"overlay-content-inner\"> <a href=\"https:\/\/aktaskonfeksiyon.com\/wp-content\/uploads\/2023\/04\/aktas-konfeksiyon-konfeksiyon-00006-min-scaled.jpg\" class=\"icon photo \" > <\/a> <div class=\"overlay-line\"><\/div> <\/div> <\/div> <\/div> <\/div> <\/div> <\/div> <\/li> <li style=\"padding: 21px\" class=\"gallery-item col-lg-6 col-md-6 col-sm-6 col-xs-12 item-animations-not-inited post-25000 page type-page status-publish hentry\"> <div class=\"wrap gem-wrapbox-style-1\"> <div class=\"overlay-wrap\"> <div class=\"image-wrap \"> <picture> <source srcset=\"https:\/\/aktaskonfeksiyon.com\/wp-content\/uploads\/2023\/04\/aktas-konfeksiyon-konfeksiyon-00007-min-scaled-thegem-gallery-justified-2x-500.jpg 1x, https:\/\/aktaskonfeksiyon.com\/wp-content\/uploads\/2023\/04\/aktas-konfeksiyon-konfeksiyon-00007-min-scaled-thegem-gallery-justified.jpg 2x\" media=\"(max-width: 550px)\" sizes=\"100vw\"> <source srcset=\"https:\/\/aktaskonfeksiyon.com\/wp-content\/uploads\/2023\/04\/aktas-konfeksiyon-konfeksiyon-00007-min-scaled-thegem-gallery-justified-2x.jpg 1x, https:\/\/aktaskonfeksiyon.com\/wp-content\/uploads\/2023\/04\/aktas-konfeksiyon-konfeksiyon-00007-min-scaled-thegem-gallery-justified.jpg 2x\" media=\"(max-width: 1920px)\" sizes=\"100vw\"> <img src=\"https:\/\/aktaskonfeksiyon.com\/wp-content\/uploads\/2023\/04\/aktas-konfeksiyon-konfeksiyon-00007-min-scaled-thegem-gallery-justified.jpg\" width=\"660\" height=\"600\" class=\"attachment-thegem-gallery-justified\" alt=\"aktas-konfeksiyon-konfeksiyon- 00007-min\" \/> <\/picture> <\/div> <div class=\"overlay \"> <div class=\"overlay-circle\"><\/div> <a href=\"https:\/\/aktaskonfeksiyon.com\/wp-content\/uploads\/2023\/04\/aktas-konfeksiyon-konfeksiyon-00007-min-scaled.jpg\" class=\"gallery-item-link fancy-gallery\" data-fancybox=\"gallery-69e75dc0b9d2c\"> <span class=\"slide-info\"> <\/span> <\/a> <div class=\"overlay-content\"> <div class=\"overlay-content-center\"> <div class=\"overlay-content-inner\"> <a href=\"https:\/\/aktaskonfeksiyon.com\/wp-content\/uploads\/2023\/04\/aktas-konfeksiyon-konfeksiyon-00007-min-scaled.jpg\" class=\"icon photo \" > <\/a> <div class=\"overlay-line\"><\/div> <\/div> <\/div> <\/div> <\/div> <\/div> <\/div> <\/li> <li style=\"padding: 21px\" class=\"gallery-item col-lg-6 col-md-6 col-sm-6 col-xs-12 item-animations-not-inited post-25000 page type-page status-publish hentry\"> <div class=\"wrap gem-wrapbox-style-1\"> <div class=\"overlay-wrap\"> <div class=\"image-wrap \"> <picture> <source srcset=\"https:\/\/aktaskonfeksiyon.com\/wp-content\/uploads\/2023\/04\/aktas-konfeksiyon-konfeksiyon-00008-min-scaled-thegem-gallery-justified-2x-500.jpg 1x, https:\/\/aktaskonfeksiyon.com\/wp-content\/uploads\/2023\/04\/aktas-konfeksiyon-konfeksiyon-00008-min-scaled-thegem-gallery-justified.jpg 2x\" media=\"(max-width: 550px)\" sizes=\"100vw\"> <source srcset=\"https:\/\/aktaskonfeksiyon.com\/wp-content\/uploads\/2023\/04\/aktas-konfeksiyon-konfeksiyon-00008-min-scaled-thegem-gallery-justified-2x.jpg 1x, https:\/\/aktaskonfeksiyon.com\/wp-content\/uploads\/2023\/04\/aktas-konfeksiyon-konfeksiyon-00008-min-scaled-thegem-gallery-justified.jpg 2x\" media=\"(max-width: 1920px)\" sizes=\"100vw\"> <img src=\"https:\/\/aktaskonfeksiyon.com\/wp-content\/uploads\/2023\/04\/aktas-konfeksiyon-konfeksiyon-00008-min-scaled-thegem-gallery-justified.jpg\" width=\"660\" height=\"600\" class=\"attachment-thegem-gallery-justified\" alt=\"aktas-konfeksiyon-konfeksiyon- 00008-min\" \/> <\/picture> <\/div> <div class=\"overlay \"> <div class=\"overlay-circle\"><\/div> <a href=\"https:\/\/aktaskonfeksiyon.com\/wp-content\/uploads\/2023\/04\/aktas-konfeksiyon-konfeksiyon-00008-min-scaled.jpg\" class=\"gallery-item-link fancy-gallery\" data-fancybox=\"gallery-69e75dc0b9d2c\"> <span class=\"slide-info\"> <\/span> <\/a> <div class=\"overlay-content\"> <div class=\"overlay-content-center\"> <div class=\"overlay-content-inner\"> <a href=\"https:\/\/aktaskonfeksiyon.com\/wp-content\/uploads\/2023\/04\/aktas-konfeksiyon-konfeksiyon-00008-min-scaled.jpg\" class=\"icon photo \" > <\/a> <div class=\"overlay-line\"><\/div> <\/div> <\/div> <\/div> <\/div> <\/div> <\/div> <\/li> <li style=\"padding: 21px\" class=\"gallery-item col-lg-6 col-md-6 col-sm-6 col-xs-12 item-animations-not-inited post-25000 page type-page status-publish hentry\"> <div class=\"wrap gem-wrapbox-style-1\"> <div class=\"overlay-wrap\"> <div class=\"image-wrap \"> <picture> <source srcset=\"https:\/\/aktaskonfeksiyon.com\/wp-content\/uploads\/2023\/04\/aktas-konfeksiyon-konfeksiyon-00009-min-scaled-thegem-gallery-justified-2x-500.jpg 1x, https:\/\/aktaskonfeksiyon.com\/wp-content\/uploads\/2023\/04\/aktas-konfeksiyon-konfeksiyon-00009-min-scaled-thegem-gallery-justified.jpg 2x\" media=\"(max-width: 550px)\" sizes=\"100vw\"> <source srcset=\"https:\/\/aktaskonfeksiyon.com\/wp-content\/uploads\/2023\/04\/aktas-konfeksiyon-konfeksiyon-00009-min-scaled-thegem-gallery-justified-2x.jpg 1x, https:\/\/aktaskonfeksiyon.com\/wp-content\/uploads\/2023\/04\/aktas-konfeksiyon-konfeksiyon-00009-min-scaled-thegem-gallery-justified.jpg 2x\" media=\"(max-width: 1920px)\" sizes=\"100vw\"> <img src=\"https:\/\/aktaskonfeksiyon.com\/wp-content\/uploads\/2023\/04\/aktas-konfeksiyon-konfeksiyon-00009-min-scaled-thegem-gallery-justified.jpg\" width=\"660\" height=\"600\" class=\"attachment-thegem-gallery-justified\" alt=\"aktas-konfeksiyon-konfeksiyon- 00009-min\" \/> <\/picture> <\/div> <div class=\"overlay \"> <div class=\"overlay-circle\"><\/div> <a href=\"https:\/\/aktaskonfeksiyon.com\/wp-content\/uploads\/2023\/04\/aktas-konfeksiyon-konfeksiyon-00009-min-scaled.jpg\" class=\"gallery-item-link fancy-gallery\" data-fancybox=\"gallery-69e75dc0b9d2c\"> <span class=\"slide-info\"> <\/span> <\/a> <div class=\"overlay-content\"> <div class=\"overlay-content-center\"> <div class=\"overlay-content-inner\"> <a href=\"https:\/\/aktaskonfeksiyon.com\/wp-content\/uploads\/2023\/04\/aktas-konfeksiyon-konfeksiyon-00009-min-scaled.jpg\" class=\"icon photo \" > <\/a> <div class=\"overlay-line\"><\/div> <\/div> <\/div> <\/div> <\/div> <\/div> <\/div> <\/li> <\/ul> <\/div> <\/div> <\/div>[\/vc_column_inner][\/vc_row_inner][\/vc_column][\/vc_row]<\/p>","protected":false},"excerpt":{"rendered":"<p>[vc_row][vc_column][vc_column_text] Nous utilisons des machines automatiques de r\u00e9pandage et de d\u00e9coupage pour des r\u00e9sultats efficaces et pr\u00e9cis. Les parties sp\u00e9ciales&#8230;<\/p>\n","protected":false},"author":2,"featured_media":0,"parent":0,"menu_order":0,"comment_status":"closed","ping_status":"closed","template":"","meta":[],"aioseo_notices":[],"_links":{"self":[{"href":"https:\/\/aktaskonfeksiyon.com\/fr\/wp-json\/wp\/v2\/pages\/25000"}],"collection":[{"href":"https:\/\/aktaskonfeksiyon.com\/fr\/wp-json\/wp\/v2\/pages"}],"about":[{"href":"https:\/\/aktaskonfeksiyon.com\/fr\/wp-json\/wp\/v2\/types\/page"}],"author":[{"embeddable":true,"href":"https:\/\/aktaskonfeksiyon.com\/fr\/wp-json\/wp\/v2\/users\/2"}],"replies":[{"embeddable":true,"href":"https:\/\/aktaskonfeksiyon.com\/fr\/wp-json\/wp\/v2\/comments?post=25000"}],"version-history":[{"count":16,"href":"https:\/\/aktaskonfeksiyon.com\/fr\/wp-json\/wp\/v2\/pages\/25000\/revisions"}],"predecessor-version":[{"id":25887,"href":"https:\/\/aktaskonfeksiyon.com\/fr\/wp-json\/wp\/v2\/pages\/25000\/revisions\/25887"}],"wp:attachment":[{"href":"https:\/\/aktaskonfeksiyon.com\/fr\/wp-json\/wp\/v2\/media?parent=25000"}],"curies":[{"name":"wp","href":"https:\/\/api.w.org\/{rel}","templated":true}]}}