{"id":25558,"date":"2017-10-30T09:07:41","date_gmt":"2017-10-30T09:07:41","guid":{"rendered":"http:\/\/aktaskonfeksiyon.com\/?page_id=25558"},"modified":"2017-11-23T08:32:15","modified_gmt":"2017-11-23T08:32:15","slug":"tasarim","status":"publish","type":"page","link":"https:\/\/aktaskonfeksiyon.com\/es\/design\/","title":{"rendered":"DISE\u00d1O"},"content":{"rendered":"<p>[vc_row][vc_column][vc_column_text]<\/p>\n<p class=\"p1\"><span class=\"s1\">Estamos trabajando con los dise\u00f1adores y oficinas de dise\u00f1o en todo el mundo, como en Italia, Francia, Barcelona, \u200b\u200bSuiza, Reino Unido, etc. con el fin de preparar las maravillosas colecciones para nuestros clientes actuales. Adem\u00e1s, somos capaces de desarrollar dise\u00f1os \u00fanicos de nuestros clientes tambi\u00e9n. Estamos utilizando las telas de Italia, Corea y algunas del Lejano Oriente tambi\u00e9n con algunas de producci\u00f3n local. De esta manera, siempre ofrecemos a nuestros clientes una amplia gama de variedades de telas. Con el fin de proporcionar un servicio de muestreo r\u00e1pido a nuestros clientes y proporcionar muestras r\u00e1pidas y uniformes de alta calidad, tenemos una sala de muestreo muy potente que consta de 7 modeladores profesionales y 10 operadores de m\u00e1quinas. <\/span><\/p>\n<p class=\"p1\"><span class=\"s1\">Por eso, nuestra sala de exposiciones se actualiza con 25-40 piezas de nuevo dise\u00f1o cada mes.<\/span><\/p>\n<p>[\/vc_column_text][\/vc_column][\/vc_row]<br \/>\n<div class=\"preloader\"><div class=\"preloader-spin\"><\/div><\/div> <div class=\"gallery-preloader-wrapper\"> <div class=\"row\" style=\"margin-top: -21px\"> <div class=\"gaps-margin gallery-style-justified gem-gallery-grid col-lg-12 col-md-12 col-sm-12 columns-3 hover-default item-animation-move-up \" data-hover=\"default\"> <ul style=\"margin-left: -21px; margin-right: -21px;\" class=\"gallery-set clearfix\" data-max-row-height=\"380\"> <li style=\"padding: 21px\" class=\"gallery-item col-lg-4 col-md-4 col-sm-6 col-xs-6 item-animations-not-inited post-25558 page type-page status-publish hentry\"> <div class=\"wrap gem-wrapbox-style-1\"> <div class=\"overlay-wrap\"> <div class=\"image-wrap \"> <picture> <source srcset=\"https:\/\/aktaskonfeksiyon.com\/wp-content\/uploads\/2017\/11\/AktasTasarim-1-6-thegem-gallery-justified-2x-500.jpg 1x, https:\/\/aktaskonfeksiyon.com\/wp-content\/uploads\/2017\/11\/AktasTasarim-1-6-thegem-gallery-justified.jpg 2x\" media=\"(max-width: 550px)\" sizes=\"100vw\"> <source srcset=\"https:\/\/aktaskonfeksiyon.com\/wp-content\/uploads\/2017\/11\/AktasTasarim-1-6-thegem-gallery-justified-3x.jpg 1x, https:\/\/aktaskonfeksiyon.com\/wp-content\/uploads\/2017\/11\/AktasTasarim-1-6-thegem-gallery-justified.jpg 2x\" media=\"(max-width: 1920px)\" sizes=\"100vw\"> <img src=\"https:\/\/aktaskonfeksiyon.com\/wp-content\/uploads\/2017\/11\/AktasTasarim-1-6-thegem-gallery-justified.jpg\" width=\"660\" height=\"600\" class=\"attachment-thegem-gallery-justified\" alt=\"AktasTasarim-1\" \/> <\/picture> <\/div> <div class=\"overlay \"> <div class=\"overlay-circle\"><\/div> <a href=\"https:\/\/aktaskonfeksiyon.com\/wp-content\/uploads\/2017\/11\/AktasTasarim-1-6.jpg\" class=\"gallery-item-link fancy-gallery\" data-fancybox=\"gallery-69e4b279432bb\"> <span class=\"slide-info\"> <\/span> <\/a> <div class=\"overlay-content\"> <div class=\"overlay-content-center\"> <div class=\"overlay-content-inner\"> <a href=\"https:\/\/aktaskonfeksiyon.com\/wp-content\/uploads\/2017\/11\/AktasTasarim-1-6.jpg\" class=\"icon photo \" > <\/a> <div class=\"overlay-line\"><\/div> <\/div> <\/div> <\/div> <\/div> <\/div> <\/div> <\/li> <li style=\"padding: 21px\" class=\"gallery-item col-lg-4 col-md-4 col-sm-6 col-xs-6 item-animations-not-inited post-25558 page type-page status-publish hentry\"> <div class=\"wrap gem-wrapbox-style-1\"> <div class=\"overlay-wrap\"> <div class=\"image-wrap \"> <picture> <source srcset=\"https:\/\/aktaskonfeksiyon.com\/wp-content\/uploads\/2017\/11\/AktasTasarim-2-3-thegem-gallery-justified-2x-500.jpg 1x, https:\/\/aktaskonfeksiyon.com\/wp-content\/uploads\/2017\/11\/AktasTasarim-2-3-thegem-gallery-justified.jpg 2x\" media=\"(max-width: 550px)\" sizes=\"100vw\"> <source srcset=\"https:\/\/aktaskonfeksiyon.com\/wp-content\/uploads\/2017\/11\/AktasTasarim-2-3-thegem-gallery-justified-3x.jpg 1x, https:\/\/aktaskonfeksiyon.com\/wp-content\/uploads\/2017\/11\/AktasTasarim-2-3-thegem-gallery-justified.jpg 2x\" media=\"(max-width: 1920px)\" sizes=\"100vw\"> <img src=\"https:\/\/aktaskonfeksiyon.com\/wp-content\/uploads\/2017\/11\/AktasTasarim-2-3-thegem-gallery-justified.jpg\" width=\"660\" height=\"600\" class=\"attachment-thegem-gallery-justified\" alt=\"AktasTasarim-2\" \/> <\/picture> <\/div> <div class=\"overlay \"> <div class=\"overlay-circle\"><\/div> <a href=\"https:\/\/aktaskonfeksiyon.com\/wp-content\/uploads\/2017\/11\/AktasTasarim-2-3.jpg\" class=\"gallery-item-link fancy-gallery\" data-fancybox=\"gallery-69e4b279432bb\"> <span class=\"slide-info\"> <\/span> <\/a> <div class=\"overlay-content\"> <div class=\"overlay-content-center\"> <div class=\"overlay-content-inner\"> <a href=\"https:\/\/aktaskonfeksiyon.com\/wp-content\/uploads\/2017\/11\/AktasTasarim-2-3.jpg\" class=\"icon photo \" > <\/a> <div class=\"overlay-line\"><\/div> <\/div> <\/div> <\/div> <\/div> <\/div> <\/div> <\/li> <li style=\"padding: 21px\" class=\"gallery-item col-lg-4 col-md-4 col-sm-6 col-xs-6 item-animations-not-inited post-25558 page type-page status-publish hentry\"> <div class=\"wrap gem-wrapbox-style-1\"> <div class=\"overlay-wrap\"> <div class=\"image-wrap \"> <picture> <source srcset=\"https:\/\/aktaskonfeksiyon.com\/wp-content\/uploads\/2017\/11\/AktasTasarim-3-3-thegem-gallery-justified-2x-500.jpg 1x, https:\/\/aktaskonfeksiyon.com\/wp-content\/uploads\/2017\/11\/AktasTasarim-3-3-thegem-gallery-justified.jpg 2x\" media=\"(max-width: 550px)\" sizes=\"100vw\"> <source srcset=\"https:\/\/aktaskonfeksiyon.com\/wp-content\/uploads\/2017\/11\/AktasTasarim-3-3-thegem-gallery-justified-3x.jpg 1x, https:\/\/aktaskonfeksiyon.com\/wp-content\/uploads\/2017\/11\/AktasTasarim-3-3-thegem-gallery-justified.jpg 2x\" media=\"(max-width: 1920px)\" sizes=\"100vw\"> <img src=\"https:\/\/aktaskonfeksiyon.com\/wp-content\/uploads\/2017\/11\/AktasTasarim-3-3-thegem-gallery-justified.jpg\" width=\"660\" height=\"600\" class=\"attachment-thegem-gallery-justified\" alt=\"AktasTasarim-3\" \/> <\/picture> <\/div> <div class=\"overlay \"> <div class=\"overlay-circle\"><\/div> <a href=\"https:\/\/aktaskonfeksiyon.com\/wp-content\/uploads\/2017\/11\/AktasTasarim-3-3.jpg\" class=\"gallery-item-link fancy-gallery\" data-fancybox=\"gallery-69e4b279432bb\"> <span class=\"slide-info\"> <\/span> <\/a> <div class=\"overlay-content\"> <div class=\"overlay-content-center\"> <div class=\"overlay-content-inner\"> <a href=\"https:\/\/aktaskonfeksiyon.com\/wp-content\/uploads\/2017\/11\/AktasTasarim-3-3.jpg\" class=\"icon photo \" > <\/a> <div class=\"overlay-line\"><\/div> <\/div> <\/div> <\/div> <\/div> <\/div> <\/div> <\/li> <li style=\"padding: 21px\" class=\"gallery-item col-lg-4 col-md-4 col-sm-6 col-xs-6 item-animations-not-inited post-25558 page type-page status-publish hentry\"> <div class=\"wrap gem-wrapbox-style-1\"> <div class=\"overlay-wrap\"> <div class=\"image-wrap \"> <picture> <source srcset=\"https:\/\/aktaskonfeksiyon.com\/wp-content\/uploads\/2017\/11\/AktasTasarim-4-3-thegem-gallery-justified-2x-500.jpg 1x, https:\/\/aktaskonfeksiyon.com\/wp-content\/uploads\/2017\/11\/AktasTasarim-4-3-thegem-gallery-justified.jpg 2x\" media=\"(max-width: 550px)\" sizes=\"100vw\"> <source srcset=\"https:\/\/aktaskonfeksiyon.com\/wp-content\/uploads\/2017\/11\/AktasTasarim-4-3-thegem-gallery-justified-3x.jpg 1x, https:\/\/aktaskonfeksiyon.com\/wp-content\/uploads\/2017\/11\/AktasTasarim-4-3-thegem-gallery-justified.jpg 2x\" media=\"(max-width: 1920px)\" sizes=\"100vw\"> <img src=\"https:\/\/aktaskonfeksiyon.com\/wp-content\/uploads\/2017\/11\/AktasTasarim-4-3-thegem-gallery-justified.jpg\" width=\"660\" height=\"600\" class=\"attachment-thegem-gallery-justified\" alt=\"AktasTasarim-4\" \/> <\/picture> <\/div> <div class=\"overlay \"> <div class=\"overlay-circle\"><\/div> <a href=\"https:\/\/aktaskonfeksiyon.com\/wp-content\/uploads\/2017\/11\/AktasTasarim-4-3.jpg\" class=\"gallery-item-link fancy-gallery\" data-fancybox=\"gallery-69e4b279432bb\"> <span class=\"slide-info\"> <\/span> <\/a> <div class=\"overlay-content\"> <div class=\"overlay-content-center\"> <div class=\"overlay-content-inner\"> <a href=\"https:\/\/aktaskonfeksiyon.com\/wp-content\/uploads\/2017\/11\/AktasTasarim-4-3.jpg\" class=\"icon photo \" > <\/a> <div class=\"overlay-line\"><\/div> <\/div> <\/div> <\/div> <\/div> <\/div> <\/div> <\/li> <li style=\"padding: 21px\" class=\"gallery-item col-lg-4 col-md-4 col-sm-6 col-xs-6 item-animations-not-inited post-25558 page type-page status-publish hentry\"> <div class=\"wrap gem-wrapbox-style-1\"> <div class=\"overlay-wrap\"> <div class=\"image-wrap \"> <picture> <source srcset=\"https:\/\/aktaskonfeksiyon.com\/wp-content\/uploads\/2017\/11\/AktasTasarim-5-3-thegem-gallery-justified-2x-500.jpg 1x, https:\/\/aktaskonfeksiyon.com\/wp-content\/uploads\/2017\/11\/AktasTasarim-5-3-thegem-gallery-justified.jpg 2x\" media=\"(max-width: 550px)\" sizes=\"100vw\"> <source srcset=\"https:\/\/aktaskonfeksiyon.com\/wp-content\/uploads\/2017\/11\/AktasTasarim-5-3-thegem-gallery-justified-3x.jpg 1x, https:\/\/aktaskonfeksiyon.com\/wp-content\/uploads\/2017\/11\/AktasTasarim-5-3-thegem-gallery-justified.jpg 2x\" media=\"(max-width: 1920px)\" sizes=\"100vw\"> <img src=\"https:\/\/aktaskonfeksiyon.com\/wp-content\/uploads\/2017\/11\/AktasTasarim-5-3-thegem-gallery-justified.jpg\" width=\"660\" height=\"600\" class=\"attachment-thegem-gallery-justified\" alt=\"AktasTasarim-5\" \/> <\/picture> <\/div> <div class=\"overlay \"> <div class=\"overlay-circle\"><\/div> <a href=\"https:\/\/aktaskonfeksiyon.com\/wp-content\/uploads\/2017\/11\/AktasTasarim-5-3.jpg\" class=\"gallery-item-link fancy-gallery\" data-fancybox=\"gallery-69e4b279432bb\"> <span class=\"slide-info\"> <\/span> <\/a> <div class=\"overlay-content\"> <div class=\"overlay-content-center\"> <div class=\"overlay-content-inner\"> <a href=\"https:\/\/aktaskonfeksiyon.com\/wp-content\/uploads\/2017\/11\/AktasTasarim-5-3.jpg\" class=\"icon photo \" > <\/a> <div class=\"overlay-line\"><\/div> <\/div> <\/div> <\/div> <\/div> <\/div> <\/div> <\/li> <\/ul> <\/div> <\/div> <\/div><\/p>","protected":false},"excerpt":{"rendered":"<p>[vc_row][vc_column][vc_column_text] Estamos trabajando con los dise\u00f1adores y oficinas de dise\u00f1o en todo el mundo, como en Italia, Francia, Barcelona, \u200b\u200bSuiza,&#8230;<\/p>\n","protected":false},"author":2,"featured_media":0,"parent":0,"menu_order":0,"comment_status":"closed","ping_status":"closed","template":"","meta":[],"aioseo_notices":[],"_links":{"self":[{"href":"https:\/\/aktaskonfeksiyon.com\/es\/wp-json\/wp\/v2\/pages\/25558"}],"collection":[{"href":"https:\/\/aktaskonfeksiyon.com\/es\/wp-json\/wp\/v2\/pages"}],"about":[{"href":"https:\/\/aktaskonfeksiyon.com\/es\/wp-json\/wp\/v2\/types\/page"}],"author":[{"embeddable":true,"href":"https:\/\/aktaskonfeksiyon.com\/es\/wp-json\/wp\/v2\/users\/2"}],"replies":[{"embeddable":true,"href":"https:\/\/aktaskonfeksiyon.com\/es\/wp-json\/wp\/v2\/comments?post=25558"}],"version-history":[{"count":12,"href":"https:\/\/aktaskonfeksiyon.com\/es\/wp-json\/wp\/v2\/pages\/25558\/revisions"}],"predecessor-version":[{"id":26040,"href":"https:\/\/aktaskonfeksiyon.com\/es\/wp-json\/wp\/v2\/pages\/25558\/revisions\/26040"}],"wp:attachment":[{"href":"https:\/\/aktaskonfeksiyon.com\/es\/wp-json\/wp\/v2\/media?parent=25558"}],"curies":[{"name":"wp","href":"https:\/\/api.w.org\/{rel}","templated":true}]}}