{"id":6981,"date":"2016-02-23T10:49:12","date_gmt":"2016-02-23T10:49:12","guid":{"rendered":"http:\/\/democontent.codex-themes.com\/thegem-shop-landing\/?page_id=6981"},"modified":"2021-10-22T13:26:29","modified_gmt":"2021-10-22T10:26:29","slug":"kurumsal","status":"publish","type":"page","link":"https:\/\/aktaskonfeksiyon.com\/de\/corporate\/","title":{"rendered":"UNTERNEHMEN"},"content":{"rendered":"<p>[vc_row full_width=&#8220;stretch_row_content_no_spaces&#8220; equal_height=&#8220;yes&#8220; css=&#8220;.vc_custom_1456226492361{margin-bottom: 0px !important;}&#8220;][vc_column css=&#8220;.vc_custom_1634898201064{padding-top: 250px !important;padding-bottom: 250px !important;background-image: url(https:\/\/aktaskonfeksiyon.com\/wp-content\/uploads\/2021\/10\/1.jpg?id=26183) !important;background-position: center !important;background-repeat: no-repeat !important;background-size: cover !important;}&#8220; offset=&#8220;vc_col-lg-6 vc_col-md-6&#8243;][\/vc_column][vc_column offset=&#8220;vc_col-lg-6 vc_col-md-6&#8243;]<div class=\"clearboth\"><\/div><div class=\"gem-divider \" style=\"margin-top: 107px;\"><\/div>[vc_column_text]<\/p>\n<div class=\"title-h2\" style=\"text-align: left;\">\u00dcBER UNS<\/div>\n<p>[\/vc_column_text]<div class=\"clearboth\"><\/div><div class=\"gem-divider \" style=\"margin-top: 30px;\"><\/div>[vc_column_text el_class=&#8220;ptext&#8220;]<\/p>\n<p class=\"p1\"><span class=\"s1\"><b>Akta\u015f wurde im Jahr 1979 als ein Atelier, das feine Verarbeitung machte, gegr\u00fcndet. Mit unserer 50-j\u00e4hrigen Erfahrung im Sektor, hochqualitativen Kleidung,<span class=\"Apple-converted-space\">\u00a0 <\/span>qualitativer Verarbeitung, unserem Auge f\u00fcr Details, rechtzeitiger Lieferung und vor allem unserem Talent, die W\u00fcnsche der Kunde zu verstehen, haben wir es geschafft unser Gesch\u00e4ft zu vergr\u00f6\u00dfern und eine der respektabelsten Oberbekleidungshersteller der T\u00fcrkei zu werden.<\/b><\/span><\/p>\n<p class=\"p1\"><span class=\"s1\"><b>Unsere erste Fabrik wurde in den 1980er Jahren, w\u00e4hrend der Industrialisierung, in Istanbul er\u00f6ffnet. Die hohe Qualit\u00e4t von Akta\u015f hat dabei geholfen, auf den in- und ausl\u00e4ndischen M\u00e4rkten neue Kunden zu gewinnen.<\/b><\/span><\/p>\n<p class=\"p1\"><span class=\"s1\"><b>Um die erh\u00f6hte Nachfrage stillen zu k\u00f6nnen, zogen wir im Jahr 2002 in den Stadtteil \u00dcmraniye\/Istanbul in eine 10.000 m\u00b2 gro\u00dfe geschlossene Anlage. Hier wurden alle Operationen, angefangen mit dem Schnitt, integriert und mit neuen Maschinen und Technologie die Qualit\u00e4t erh\u00f6ht.<\/b><\/span><\/p>\n<p class=\"p1\"><span class=\"s1\"><b>Mit unseren fast 300 Mitarbeitern erf\u00fcllen wir die W\u00fcnsche unserer Kunden und durch Verfolgung der neuesten Modetrends gr\u00fcnden wir nachhaltige und unverzichtbare Partnerschaften. Au\u00dferdem aktualisieren wir stets unsere Technologie und erneuern uns somit selbst.<\/b><\/span><\/p>\n<p>[\/vc_column_text]<div class=\"clearboth\"><\/div><div class=\"gem-divider \" style=\"margin-top: 30px;\"><\/div><div class=\"clearboth\"><\/div><div class=\"gem-divider \" style=\"margin-top: 103px;\"><\/div>[\/vc_column][\/vc_row][vc_row full_width=&#8220;stretch_row_content_no_spaces&#8220; equal_height=&#8220;yes&#8220; css=&#8220;.vc_custom_1456226551654{margin-bottom: 0px !important;}&#8220;][vc_column offset=&#8220;vc_col-lg-6 vc_col-md-6&#8243;]<div class=\"clearboth\"><\/div><div class=\"gem-divider \" style=\"margin-top: 95px;\"><\/div><div class=\"clearboth\"><\/div><div class=\"gem-divider \" style=\"margin-top: 50px;\"><\/div>[vc_column_text]<\/p>\n<div class=\"title-h2\" style=\"text-align: left;\">MISSION<\/div>\n<p>[\/vc_column_text]<div class=\"clearboth\"><\/div><div class=\"gem-divider \" style=\"margin-top: 37px;\"><\/div>[vc_column_text el_class=&#8220;ptext&#8220;]<\/p>\n<p style=\"text-align: left;\">Unsere erste Fabrik wurde in den 1980er Jahren, w\u00e4hrend der Industrialisierung, in Istanbul er\u00f6ffnet. Die hohe Qualit\u00e4t von Akta\u015f hat dabei geholfen, auf den in- und ausl\u00e4ndischen M\u00e4rkten neue Kunden zu gewinnen.<\/p>\n<p>[\/vc_column_text]<div class=\"clearboth\"><\/div><div class=\"gem-divider \" style=\"margin-top: 50px;\"><\/div><div class=\"clearboth\"><\/div><div class=\"gem-divider \" style=\"margin-top: 95px;\"><\/div>[\/vc_column][vc_column css=&#8220;.vc_custom_1508756852526{padding-top: 250px !important;padding-bottom: 250px !important;background-image: url(http:\/\/aktaskonfeksiyon.com\/wp-content\/uploads\/2016\/02\/showroom03.jpg?id=24927) !important;background-position: center !important;background-repeat: no-repeat !important;background-size: cover !important;}&#8220; offset=&#8220;vc_col-lg-6 vc_col-md-6&#8243;][\/vc_column][\/vc_row][vc_row full_width=&#8220;stretch_row_content_no_spaces&#8220; equal_height=&#8220;yes&#8220; css=&#8220;.vc_custom_1456226551654{margin-bottom: 0px !important;}&#8220;][vc_column css=&#8220;.vc_custom_1508755811192{padding-top: 250px !important;padding-bottom: 250px !important;background-image: url(http:\/\/aktaskonfeksiyon.com\/wp-content\/uploads\/2016\/02\/vision.jpg?id=24923) !important;background-position: center !important;background-repeat: no-repeat !important;background-size: cover !important;}&#8220; offset=&#8220;vc_col-lg-6 vc_col-md-6&#8243;][\/vc_column][vc_column offset=&#8220;vc_col-lg-6 vc_col-md-6&#8243;]<div class=\"clearboth\"><\/div><div class=\"gem-divider \" style=\"margin-top: 95px;\"><\/div><div class=\"clearboth\"><\/div><div class=\"gem-divider \" style=\"margin-top: 50px;\"><\/div>[vc_column_text]<\/p>\n<div class=\"title-h2\" style=\"text-align: left;\">VISION<\/div>\n<p>[\/vc_column_text]<div class=\"clearboth\"><\/div><div class=\"gem-divider \" style=\"margin-top: 37px;\"><\/div>[vc_column_text el_class=&#8220;ptext&#8220;]<\/p>\n<p style=\"text-align: left;\">Mit unseren fast 300 Mitarbeitern erf\u00fcllen wir die W\u00fcnsche unserer Kunden und durch Verfolgung der neuesten Modetrends gr\u00fcnden wir nachhaltige und unverzichtbare Partnerschaften. Au\u00dferdem aktualisieren wir stets unsere Technologie und erneuern uns somit selbst.<\/p>\n<p>[\/vc_column_text]<div class=\"clearboth\"><\/div><div class=\"gem-divider \" style=\"margin-top: 50px;\"><\/div><div class=\"clearboth\"><\/div><div class=\"gem-divider \" style=\"margin-top: 95px;\"><\/div>[\/vc_column][\/vc_row]<\/p>","protected":false},"excerpt":{"rendered":"<p>[vc_row full_width=&#8220;stretch_row_content_no_spaces&#8220; equal_height=&#8220;yes&#8220; css=&#8220;.vc_custom_1456226492361{margin-bottom: 0px !important;}&#8220;][vc_column css=&#8220;.vc_custom_1634898201064{padding-top: 250px !important;padding-bottom: 250px !important;background-image: url(https:\/\/aktaskonfeksiyon.com\/wp-content\/uploads\/2021\/10\/1.jpg?id=26183) !important;background-position: center !important;background-repeat: no-repeat !important;background-size: cover !important;}&#8220; offset=&#8220;vc_col-lg-6&#8230;<\/p>\n","protected":false},"author":2,"featured_media":0,"parent":0,"menu_order":0,"comment_status":"closed","ping_status":"closed","template":"","meta":[],"aioseo_notices":[],"_links":{"self":[{"href":"https:\/\/aktaskonfeksiyon.com\/de\/wp-json\/wp\/v2\/pages\/6981"}],"collection":[{"href":"https:\/\/aktaskonfeksiyon.com\/de\/wp-json\/wp\/v2\/pages"}],"about":[{"href":"https:\/\/aktaskonfeksiyon.com\/de\/wp-json\/wp\/v2\/types\/page"}],"author":[{"embeddable":true,"href":"https:\/\/aktaskonfeksiyon.com\/de\/wp-json\/wp\/v2\/users\/2"}],"replies":[{"embeddable":true,"href":"https:\/\/aktaskonfeksiyon.com\/de\/wp-json\/wp\/v2\/comments?post=6981"}],"version-history":[{"count":32,"href":"https:\/\/aktaskonfeksiyon.com\/de\/wp-json\/wp\/v2\/pages\/6981\/revisions"}],"predecessor-version":[{"id":26192,"href":"https:\/\/aktaskonfeksiyon.com\/de\/wp-json\/wp\/v2\/pages\/6981\/revisions\/26192"}],"wp:attachment":[{"href":"https:\/\/aktaskonfeksiyon.com\/de\/wp-json\/wp\/v2\/media?parent=6981"}],"curies":[{"name":"wp","href":"https:\/\/api.w.org\/{rel}","templated":true}]}}