{"id":25558,"date":"2017-10-30T09:07:41","date_gmt":"2017-10-30T09:07:41","guid":{"rendered":"http:\/\/aktaskonfeksiyon.com\/?page_id=25558"},"modified":"2017-11-23T08:32:15","modified_gmt":"2017-11-23T08:32:15","slug":"tasarim","status":"publish","type":"page","link":"https:\/\/aktaskonfeksiyon.com\/de\/design\/","title":{"rendered":"DESIGN"},"content":{"rendered":"<p>[vc_row][\/vc_row][vc_column][\/vc_column][vc_column_text]Um unseren Kunden atemberaubende Kollektionen entwerfen zu k\u00f6nnen, arbeiten wir mit Designern und Designerb\u00fcros aus vielen L\u00e4ndern und St\u00e4dten wie Italien, Frankreich, Barcelona, Schweiz und England. Wir entwickeln auch die Designs unserer Kunden weiter. Wir benutzen regionale Stoffe und Stoffe aus Italien, Korea und dem Fernen Osten. Somit bieten wir unseren Kunden immer eine weite Palette an verschiedenen Stoffen. Um unseren Kunden schnelle und vern\u00fcnftige Proben bieten zu k\u00f6nnen, arbeiten wir mit 7 professionellen Modedesignern und 10 Maschinenoperatoren zusammen.<\/p>\n<p>Daher bieten wir in unserem Showroom jeden Monat 25-40 neue Designs.[\/vc_column_text]<div class=\"preloader\"><div class=\"preloader-spin\"><\/div><\/div> <div class=\"gallery-preloader-wrapper\"> <div class=\"row\" style=\"margin-top: -21px\"> <div class=\"gaps-margin gallery-style-justified gem-gallery-grid col-lg-12 col-md-12 col-sm-12 columns-3 hover-default item-animation-move-up \" data-hover=\"default\"> <ul style=\"margin-left: -21px; margin-right: -21px;\" class=\"gallery-set clearfix\" data-max-row-height=\"380\"> <li style=\"padding: 21px\" class=\"gallery-item col-lg-4 col-md-4 col-sm-6 col-xs-6 item-animations-not-inited post-25558 page type-page status-publish hentry\"> <div class=\"wrap gem-wrapbox-style-1\"> <div class=\"overlay-wrap\"> <div class=\"image-wrap \"> <picture> <source srcset=\"https:\/\/aktaskonfeksiyon.com\/wp-content\/uploads\/2017\/11\/AktasTasarim-1-6-thegem-gallery-justified-2x-500.jpg 1x, https:\/\/aktaskonfeksiyon.com\/wp-content\/uploads\/2017\/11\/AktasTasarim-1-6-thegem-gallery-justified.jpg 2x\" media=\"(max-width: 550px)\" sizes=\"100vw\"> <source srcset=\"https:\/\/aktaskonfeksiyon.com\/wp-content\/uploads\/2017\/11\/AktasTasarim-1-6-thegem-gallery-justified-3x.jpg 1x, https:\/\/aktaskonfeksiyon.com\/wp-content\/uploads\/2017\/11\/AktasTasarim-1-6-thegem-gallery-justified.jpg 2x\" media=\"(max-width: 1920px)\" sizes=\"100vw\"> <img src=\"https:\/\/aktaskonfeksiyon.com\/wp-content\/uploads\/2017\/11\/AktasTasarim-1-6-thegem-gallery-justified.jpg\" width=\"660\" height=\"600\" class=\"attachment-thegem-gallery-justified\" alt=\"AktasTasarim-1\" \/> <\/picture> <\/div> <div class=\"overlay \"> <div class=\"overlay-circle\"><\/div> <a href=\"https:\/\/aktaskonfeksiyon.com\/wp-content\/uploads\/2017\/11\/AktasTasarim-1-6.jpg\" class=\"gallery-item-link fancy-gallery\" data-fancybox=\"gallery-69e37bf3613f6\"> <span class=\"slide-info\"> <\/span> <\/a> <div class=\"overlay-content\"> <div class=\"overlay-content-center\"> <div class=\"overlay-content-inner\"> <a href=\"https:\/\/aktaskonfeksiyon.com\/wp-content\/uploads\/2017\/11\/AktasTasarim-1-6.jpg\" class=\"icon photo \" > <\/a> <div class=\"overlay-line\"><\/div> <\/div> <\/div> <\/div> <\/div> <\/div> <\/div> <\/li> <li style=\"padding: 21px\" class=\"gallery-item col-lg-4 col-md-4 col-sm-6 col-xs-6 item-animations-not-inited post-25558 page type-page status-publish hentry\"> <div class=\"wrap gem-wrapbox-style-1\"> <div class=\"overlay-wrap\"> <div class=\"image-wrap \"> <picture> <source srcset=\"https:\/\/aktaskonfeksiyon.com\/wp-content\/uploads\/2017\/11\/AktasTasarim-2-3-thegem-gallery-justified-2x-500.jpg 1x, https:\/\/aktaskonfeksiyon.com\/wp-content\/uploads\/2017\/11\/AktasTasarim-2-3-thegem-gallery-justified.jpg 2x\" media=\"(max-width: 550px)\" sizes=\"100vw\"> <source srcset=\"https:\/\/aktaskonfeksiyon.com\/wp-content\/uploads\/2017\/11\/AktasTasarim-2-3-thegem-gallery-justified-3x.jpg 1x, https:\/\/aktaskonfeksiyon.com\/wp-content\/uploads\/2017\/11\/AktasTasarim-2-3-thegem-gallery-justified.jpg 2x\" media=\"(max-width: 1920px)\" sizes=\"100vw\"> <img src=\"https:\/\/aktaskonfeksiyon.com\/wp-content\/uploads\/2017\/11\/AktasTasarim-2-3-thegem-gallery-justified.jpg\" width=\"660\" height=\"600\" class=\"attachment-thegem-gallery-justified\" alt=\"AktasTasarim-2\" \/> <\/picture> <\/div> <div class=\"overlay \"> <div class=\"overlay-circle\"><\/div> <a href=\"https:\/\/aktaskonfeksiyon.com\/wp-content\/uploads\/2017\/11\/AktasTasarim-2-3.jpg\" class=\"gallery-item-link fancy-gallery\" data-fancybox=\"gallery-69e37bf3613f6\"> <span class=\"slide-info\"> <\/span> <\/a> <div class=\"overlay-content\"> <div class=\"overlay-content-center\"> <div class=\"overlay-content-inner\"> <a href=\"https:\/\/aktaskonfeksiyon.com\/wp-content\/uploads\/2017\/11\/AktasTasarim-2-3.jpg\" class=\"icon photo \" > <\/a> <div class=\"overlay-line\"><\/div> <\/div> <\/div> <\/div> <\/div> <\/div> <\/div> <\/li> <li style=\"padding: 21px\" class=\"gallery-item col-lg-4 col-md-4 col-sm-6 col-xs-6 item-animations-not-inited post-25558 page type-page status-publish hentry\"> <div class=\"wrap gem-wrapbox-style-1\"> <div class=\"overlay-wrap\"> <div class=\"image-wrap \"> <picture> <source srcset=\"https:\/\/aktaskonfeksiyon.com\/wp-content\/uploads\/2017\/11\/AktasTasarim-3-3-thegem-gallery-justified-2x-500.jpg 1x, https:\/\/aktaskonfeksiyon.com\/wp-content\/uploads\/2017\/11\/AktasTasarim-3-3-thegem-gallery-justified.jpg 2x\" media=\"(max-width: 550px)\" sizes=\"100vw\"> <source srcset=\"https:\/\/aktaskonfeksiyon.com\/wp-content\/uploads\/2017\/11\/AktasTasarim-3-3-thegem-gallery-justified-3x.jpg 1x, https:\/\/aktaskonfeksiyon.com\/wp-content\/uploads\/2017\/11\/AktasTasarim-3-3-thegem-gallery-justified.jpg 2x\" media=\"(max-width: 1920px)\" sizes=\"100vw\"> <img src=\"https:\/\/aktaskonfeksiyon.com\/wp-content\/uploads\/2017\/11\/AktasTasarim-3-3-thegem-gallery-justified.jpg\" width=\"660\" height=\"600\" class=\"attachment-thegem-gallery-justified\" alt=\"AktasTasarim-3\" \/> <\/picture> <\/div> <div class=\"overlay \"> <div class=\"overlay-circle\"><\/div> <a href=\"https:\/\/aktaskonfeksiyon.com\/wp-content\/uploads\/2017\/11\/AktasTasarim-3-3.jpg\" class=\"gallery-item-link fancy-gallery\" data-fancybox=\"gallery-69e37bf3613f6\"> <span class=\"slide-info\"> <\/span> <\/a> <div class=\"overlay-content\"> <div class=\"overlay-content-center\"> <div class=\"overlay-content-inner\"> <a href=\"https:\/\/aktaskonfeksiyon.com\/wp-content\/uploads\/2017\/11\/AktasTasarim-3-3.jpg\" class=\"icon photo \" > <\/a> <div class=\"overlay-line\"><\/div> <\/div> <\/div> <\/div> <\/div> <\/div> <\/div> <\/li> <li style=\"padding: 21px\" class=\"gallery-item col-lg-4 col-md-4 col-sm-6 col-xs-6 item-animations-not-inited post-25558 page type-page status-publish hentry\"> <div class=\"wrap gem-wrapbox-style-1\"> <div class=\"overlay-wrap\"> <div class=\"image-wrap \"> <picture> <source srcset=\"https:\/\/aktaskonfeksiyon.com\/wp-content\/uploads\/2017\/11\/AktasTasarim-4-3-thegem-gallery-justified-2x-500.jpg 1x, https:\/\/aktaskonfeksiyon.com\/wp-content\/uploads\/2017\/11\/AktasTasarim-4-3-thegem-gallery-justified.jpg 2x\" media=\"(max-width: 550px)\" sizes=\"100vw\"> <source srcset=\"https:\/\/aktaskonfeksiyon.com\/wp-content\/uploads\/2017\/11\/AktasTasarim-4-3-thegem-gallery-justified-3x.jpg 1x, https:\/\/aktaskonfeksiyon.com\/wp-content\/uploads\/2017\/11\/AktasTasarim-4-3-thegem-gallery-justified.jpg 2x\" media=\"(max-width: 1920px)\" sizes=\"100vw\"> <img src=\"https:\/\/aktaskonfeksiyon.com\/wp-content\/uploads\/2017\/11\/AktasTasarim-4-3-thegem-gallery-justified.jpg\" width=\"660\" height=\"600\" class=\"attachment-thegem-gallery-justified\" alt=\"AktasTasarim-4\" \/> <\/picture> <\/div> <div class=\"overlay \"> <div class=\"overlay-circle\"><\/div> <a href=\"https:\/\/aktaskonfeksiyon.com\/wp-content\/uploads\/2017\/11\/AktasTasarim-4-3.jpg\" class=\"gallery-item-link fancy-gallery\" data-fancybox=\"gallery-69e37bf3613f6\"> <span class=\"slide-info\"> <\/span> <\/a> <div class=\"overlay-content\"> <div class=\"overlay-content-center\"> <div class=\"overlay-content-inner\"> <a href=\"https:\/\/aktaskonfeksiyon.com\/wp-content\/uploads\/2017\/11\/AktasTasarim-4-3.jpg\" class=\"icon photo \" > <\/a> <div class=\"overlay-line\"><\/div> <\/div> <\/div> <\/div> <\/div> <\/div> <\/div> <\/li> <li style=\"padding: 21px\" class=\"gallery-item col-lg-4 col-md-4 col-sm-6 col-xs-6 item-animations-not-inited post-25558 page type-page status-publish hentry\"> <div class=\"wrap gem-wrapbox-style-1\"> <div class=\"overlay-wrap\"> <div class=\"image-wrap \"> <picture> <source srcset=\"https:\/\/aktaskonfeksiyon.com\/wp-content\/uploads\/2017\/11\/AktasTasarim-5-3-thegem-gallery-justified-2x-500.jpg 1x, https:\/\/aktaskonfeksiyon.com\/wp-content\/uploads\/2017\/11\/AktasTasarim-5-3-thegem-gallery-justified.jpg 2x\" media=\"(max-width: 550px)\" sizes=\"100vw\"> <source srcset=\"https:\/\/aktaskonfeksiyon.com\/wp-content\/uploads\/2017\/11\/AktasTasarim-5-3-thegem-gallery-justified-3x.jpg 1x, https:\/\/aktaskonfeksiyon.com\/wp-content\/uploads\/2017\/11\/AktasTasarim-5-3-thegem-gallery-justified.jpg 2x\" media=\"(max-width: 1920px)\" sizes=\"100vw\"> <img src=\"https:\/\/aktaskonfeksiyon.com\/wp-content\/uploads\/2017\/11\/AktasTasarim-5-3-thegem-gallery-justified.jpg\" width=\"660\" height=\"600\" class=\"attachment-thegem-gallery-justified\" alt=\"AktasTasarim-5\" \/> <\/picture> <\/div> <div class=\"overlay \"> <div class=\"overlay-circle\"><\/div> <a href=\"https:\/\/aktaskonfeksiyon.com\/wp-content\/uploads\/2017\/11\/AktasTasarim-5-3.jpg\" class=\"gallery-item-link fancy-gallery\" data-fancybox=\"gallery-69e37bf3613f6\"> <span class=\"slide-info\"> <\/span> <\/a> <div class=\"overlay-content\"> <div class=\"overlay-content-center\"> <div class=\"overlay-content-inner\"> <a href=\"https:\/\/aktaskonfeksiyon.com\/wp-content\/uploads\/2017\/11\/AktasTasarim-5-3.jpg\" class=\"icon photo \" > <\/a> <div class=\"overlay-line\"><\/div> <\/div> <\/div> <\/div> <\/div> <\/div> <\/div> <\/li> <\/ul> <\/div> <\/div> <\/div><\/p>","protected":false},"excerpt":{"rendered":"<p>[vc_row][\/vc_row][vc_column][\/vc_column][vc_column_text]Um unseren Kunden atemberaubende Kollektionen entwerfen zu k\u00f6nnen, arbeiten wir mit Designern und Designerb\u00fcros aus vielen L\u00e4ndern und St\u00e4dten wie&#8230;<\/p>\n","protected":false},"author":2,"featured_media":0,"parent":0,"menu_order":0,"comment_status":"closed","ping_status":"closed","template":"","meta":[],"aioseo_notices":[],"_links":{"self":[{"href":"https:\/\/aktaskonfeksiyon.com\/de\/wp-json\/wp\/v2\/pages\/25558"}],"collection":[{"href":"https:\/\/aktaskonfeksiyon.com\/de\/wp-json\/wp\/v2\/pages"}],"about":[{"href":"https:\/\/aktaskonfeksiyon.com\/de\/wp-json\/wp\/v2\/types\/page"}],"author":[{"embeddable":true,"href":"https:\/\/aktaskonfeksiyon.com\/de\/wp-json\/wp\/v2\/users\/2"}],"replies":[{"embeddable":true,"href":"https:\/\/aktaskonfeksiyon.com\/de\/wp-json\/wp\/v2\/comments?post=25558"}],"version-history":[{"count":12,"href":"https:\/\/aktaskonfeksiyon.com\/de\/wp-json\/wp\/v2\/pages\/25558\/revisions"}],"predecessor-version":[{"id":26040,"href":"https:\/\/aktaskonfeksiyon.com\/de\/wp-json\/wp\/v2\/pages\/25558\/revisions\/26040"}],"wp:attachment":[{"href":"https:\/\/aktaskonfeksiyon.com\/de\/wp-json\/wp\/v2\/media?parent=25558"}],"curies":[{"name":"wp","href":"https:\/\/api.w.org\/{rel}","templated":true}]}}