{"id":6981,"date":"2016-02-23T10:49:12","date_gmt":"2016-02-23T10:49:12","guid":{"rendered":"http:\/\/democontent.codex-themes.com\/thegem-shop-landing\/?page_id=6981"},"modified":"2021-10-22T13:26:29","modified_gmt":"2021-10-22T10:26:29","slug":"kurumsal","status":"publish","type":"page","link":"https:\/\/aktaskonfeksiyon.com\/da\/corporate\/","title":{"rendered":"VIRKSOMHED"},"content":{"rendered":"<p>[vc_row full_width=&#8221;stretch_row_content_no_spaces&#8221; equal_height=&#8221;yes&#8221; css=&#8221;.vc_custom_1456226492361{margin-bottom: 0px !important;}&#8221;][vc_column css=&#8221;.vc_custom_1634898360581{padding-top: 250px !important;padding-bottom: 250px !important;background-image: url(https:\/\/aktaskonfeksiyon.com\/wp-content\/uploads\/2021\/10\/1.jpg?id=26183) !important;background-position: center !important;background-repeat: no-repeat !important;background-size: cover !important;}&#8221; offset=&#8221;vc_col-lg-6 vc_col-md-6&#8243;][\/vc_column][vc_column offset=&#8221;vc_col-lg-6 vc_col-md-6&#8243;]<div class=\"clearboth\"><\/div><div class=\"gem-divider \" style=\"margin-top: 107px;\"><\/div>[vc_column_text]<\/p>\n<div class=\"title-h2\" style=\"text-align: left;\">OM OS<\/div>\n<p>[\/vc_column_text]<div class=\"clearboth\"><\/div><div class=\"gem-divider \" style=\"margin-top: 30px;\"><\/div>[vc_column_text el_class=&#8221;ptext&#8221;]Aktas blev etableret I 1970 som et v\u00e6rksted, der udf\u00f8rer fint arbejde. 50 \u00e5rs erfaring med kvalitetst\u00f8j, kvalitetsh\u00e5ndv\u00e6rk, \u00f8je for detaljer, levering til tiden og mest af alt forst\u00e5else for vore kunders behov, har spillet en vigtig rolle I udviklingen af vores virksomhed og at v\u00e6re Tyrkiets mest respekterede t\u00f8jproducent.<\/p>\n<p>Vores f\u00f8rste fabrik blev etableret i Istanbul mens industrialiseringen accelerede I 1980\u2019erne. Aktas h\u00e5ndv\u00e6rk I bedste kvalitet tiltr\u00e6k nye kunder fra b\u00e5de hjemmemarkedet som udenlandske markeder.<\/p>\n<p>For at\u00a0 m\u00f8de stigende eftersp\u00f8rgsel p\u00e5 vores produkter og ydelser flyttede vi i 2002 til vores nye 10,000 m2\u00a0 store fabrik i Istanbuls Umraniye distrikt. Alle operationer fra tilsk\u00e6ring til afslutning udf\u00f8res her, og vi har bibeholdt det h\u00f8jeste kvalitetsniveau takket v\u00e6re fornyet teknolgi og maskineri.<\/p>\n<p>Vi m\u00f8der vores kunders behov med n\u00e6sten 300 ansatte, udvikler st\u00e6rke og vedvarende partnerskaber ved at f\u00f8lge op p\u00e5 de seneste trends samt fornyer af os selv kontinuerligt, ved at implementere den nyeste teknologi.[\/vc_column_text]<div class=\"clearboth\"><\/div><div class=\"gem-divider \" style=\"margin-top: 30px;\"><\/div><div class=\"clearboth\"><\/div><div class=\"gem-divider \" style=\"margin-top: 103px;\"><\/div>[\/vc_column][\/vc_row][vc_row full_width=&#8221;stretch_row_content_no_spaces&#8221; equal_height=&#8221;yes&#8221; css=&#8221;.vc_custom_1456226551654{margin-bottom: 0px !important;}&#8221;][vc_column offset=&#8221;vc_col-lg-6 vc_col-md-6&#8243;]<div class=\"clearboth\"><\/div><div class=\"gem-divider \" style=\"margin-top: 95px;\"><\/div><div class=\"clearboth\"><\/div><div class=\"gem-divider \" style=\"margin-top: 50px;\"><\/div>[vc_column_text]<\/p>\n<div class=\"title-h2\" style=\"text-align: left;\">MISSION<\/div>\n<p>[\/vc_column_text]<div class=\"clearboth\"><\/div><div class=\"gem-divider \" style=\"margin-top: 37px;\"><\/div>[vc_column_text el_class=&#8221;ptext&#8221;]Vores f\u00f8rste fabrik blev etableret i Istanbul mens industrialiseringen accelerede I 1980\u2019erne. Aktas h\u00e5ndv\u00e6rk I bedste kvalitet tiltr\u00e6k nye kunder fra b\u00e5de hjemmemarkedet som udenlandske markeder.[\/vc_column_text]<div class=\"clearboth\"><\/div><div class=\"gem-divider \" style=\"margin-top: 50px;\"><\/div><div class=\"clearboth\"><\/div><div class=\"gem-divider \" style=\"margin-top: 95px;\"><\/div>[\/vc_column][vc_column css=&#8221;.vc_custom_1508756852526{padding-top: 250px !important;padding-bottom: 250px !important;background-image: url(http:\/\/aktaskonfeksiyon.com\/wp-content\/uploads\/2016\/02\/showroom03.jpg?id=24927) !important;background-position: center !important;background-repeat: no-repeat !important;background-size: cover !important;}&#8221; offset=&#8221;vc_col-lg-6 vc_col-md-6&#8243;][\/vc_column][\/vc_row][vc_row full_width=&#8221;stretch_row_content_no_spaces&#8221; equal_height=&#8221;yes&#8221; css=&#8221;.vc_custom_1456226551654{margin-bottom: 0px !important;}&#8221;][vc_column css=&#8221;.vc_custom_1508755811192{padding-top: 250px !important;padding-bottom: 250px !important;background-image: url(http:\/\/aktaskonfeksiyon.com\/wp-content\/uploads\/2016\/02\/vision.jpg?id=24923) !important;background-position: center !important;background-repeat: no-repeat !important;background-size: cover !important;}&#8221; offset=&#8221;vc_col-lg-6 vc_col-md-6&#8243;][\/vc_column][vc_column offset=&#8221;vc_col-lg-6 vc_col-md-6&#8243;]<div class=\"clearboth\"><\/div><div class=\"gem-divider \" style=\"margin-top: 95px;\"><\/div><div class=\"clearboth\"><\/div><div class=\"gem-divider \" style=\"margin-top: 50px;\"><\/div>[vc_column_text]<\/p>\n<div class=\"title-h2\" style=\"text-align: left;\">VISION<\/div>\n<p>[\/vc_column_text]<div class=\"clearboth\"><\/div><div class=\"gem-divider \" style=\"margin-top: 37px;\"><\/div>[vc_column_text el_class=&#8221;ptext&#8221;]Vi m\u00f8der vores kunders behov med n\u00e6sten 300 ansatte, udvikler st\u00e6rke og vedvarende partnerskaber ved at f\u00f8lge op p\u00e5 de seneste trends samt fornyer af os selv kontinuerligt, ved at implementere den nyeste teknologi.[\/vc_column_text]<div class=\"clearboth\"><\/div><div class=\"gem-divider \" style=\"margin-top: 50px;\"><\/div><div class=\"clearboth\"><\/div><div class=\"gem-divider \" style=\"margin-top: 95px;\"><\/div>[\/vc_column][\/vc_row]<\/p>","protected":false},"excerpt":{"rendered":"<p>[vc_row full_width=&#8221;stretch_row_content_no_spaces&#8221; equal_height=&#8221;yes&#8221; css=&#8221;.vc_custom_1456226492361{margin-bottom: 0px !important;}&#8221;][vc_column css=&#8221;.vc_custom_1634898360581{padding-top: 250px !important;padding-bottom: 250px !important;background-image: url(https:\/\/aktaskonfeksiyon.com\/wp-content\/uploads\/2021\/10\/1.jpg?id=26183) !important;background-position: center !important;background-repeat: no-repeat !important;background-size: cover !important;}&#8221; offset=&#8221;vc_col-lg-6&#8230;<\/p>\n","protected":false},"author":2,"featured_media":0,"parent":0,"menu_order":0,"comment_status":"closed","ping_status":"closed","template":"","meta":[],"aioseo_notices":[],"_links":{"self":[{"href":"https:\/\/aktaskonfeksiyon.com\/da\/wp-json\/wp\/v2\/pages\/6981"}],"collection":[{"href":"https:\/\/aktaskonfeksiyon.com\/da\/wp-json\/wp\/v2\/pages"}],"about":[{"href":"https:\/\/aktaskonfeksiyon.com\/da\/wp-json\/wp\/v2\/types\/page"}],"author":[{"embeddable":true,"href":"https:\/\/aktaskonfeksiyon.com\/da\/wp-json\/wp\/v2\/users\/2"}],"replies":[{"embeddable":true,"href":"https:\/\/aktaskonfeksiyon.com\/da\/wp-json\/wp\/v2\/comments?post=6981"}],"version-history":[{"count":32,"href":"https:\/\/aktaskonfeksiyon.com\/da\/wp-json\/wp\/v2\/pages\/6981\/revisions"}],"predecessor-version":[{"id":26192,"href":"https:\/\/aktaskonfeksiyon.com\/da\/wp-json\/wp\/v2\/pages\/6981\/revisions\/26192"}],"wp:attachment":[{"href":"https:\/\/aktaskonfeksiyon.com\/da\/wp-json\/wp\/v2\/media?parent=6981"}],"curies":[{"name":"wp","href":"https:\/\/api.w.org\/{rel}","templated":true}]}}